{"id":99,"date":"2018-09-03T23:18:44","date_gmt":"2018-09-03T23:18:44","guid":{"rendered":"http:\/\/asianturtleprogram.org\/wp\/?page_id=99"},"modified":"2020-05-05T06:04:15","modified_gmt":"2020-05-05T05:04:15","slug":"fund-raise-for-us","status":"publish","type":"page","link":"https:\/\/asianturtleprogram.org\/vi\/fund-raise-for-us\/","title":{"rendered":"G\u00e2y qu\u1ef9 cho ch\u00fang t\u00f4i"},"content":{"rendered":"<div class=\"wpb-content-wrapper\"><p>[vc_row][vc_column]<div class=\"cz_gap clr  hide_on_tablet hide_on_mobile\" style=\"height: 110px\"><\/div><div class=\"cz_gap show_on_tablet clr  show_only_tablet\" style=\"height: 100px\"><\/div><div class=\"cz_gap show_on_mobile clr\" style=\"height: 80px\"><\/div><div id=\"cz_99843\" class=\"cz_99843 cz_title clr cz_mobile_text_center cz_title_pos_inline tac\"><div class=\"cz_title_shape shape_text cz_shape_1\">C\u1ea2M \u01a0N!<\/div><div class=\"cz_title_content\"><div class=\"cz_wpe_content\"><h2 style=\"text-align: center;\"><span style=\"font-size: 46px;\">H\u1ed7 tr\u1ee3<span style=\"color: #edbb5f;\"> ch\u00fang t\u00f4i<\/span><\/span><\/h2>\n<p style=\"text-align: center;\"><span style=\"color: #808080; font-size: 18px;\">V\u1edbi nhi\u1ec1u ho\u1ea1t \u0111\u1ed9ng nghi\u00ean c\u1ee9u, b\u1ea3o t\u1ed3n, v\u00e0 n\u00e2ng cao nh\u1eadn th\u1ee9c, ATP \u0111ang kh\u00f4ng ng\u1eebng ph\u00e1t tri\u1ec3n, \u0111\u00f3ng g\u00f3p cho c\u00f4ng t\u00e1c b\u1ea3o t\u1ed3n c\u00e1c lo\u00e0i r\u00f9a c\u1ea1n v\u00e0 r\u00f9a n\u01b0\u1edbc ng\u1ecdt ch\u00e2u \u00c1. Ch\u00fang t\u00f4i tr\u00e2n tr\u1ecdng m\u1ecdi s\u1ef1 \u1ee7ng h\u1ed9 v\u00e0 t\u00e0i tr\u1ee3 t\u1eeb c\u00e1c b\u1ea1n.<\/span><\/p>\n<\/div><\/div><\/div>[\/vc_column][\/vc_row][vc_row][vc_column width=&#8221;1\/2&#8243;]<div id=\"cz_13652\" class=\"cz_13652 cz_title clr cz_title_pos_inline\"><div class=\"cz_title_content\"><div class=\"cz_wpe_content\"><h3>G\u00e2y qu\u1ef9 cho ch\u00fang t\u00f4i<\/h3>\n<p>ATP lu\u00f4n ch\u00e0o \u0111\u00f3n nh\u1eefng nh\u00e0 t\u00e0i tr\u1ee3 v\u00e0 nh\u1eefng ng\u01b0\u1eddi \u1ee7ng h\u1ed9 m\u1edbi, \u0111\u1eb7c bi\u1ec7t l\u00e0 nh\u1eefng c\u00e1 nh\u00e2n c\u00f3 th\u1ec3 h\u1ed7 tr\u1ee3 ch\u00fang t\u00f4i g\u00e2y qu\u1ef9.<br \/>\n<i>M\u1ed9t s\u1ed1 h\u00ecnh th\u1ee9c g\u00e2y qu\u1ef9 \u0111\u00e3 v\u00e0 \u0111ang \u0111\u01b0\u1ee3c th\u1ef1c hi\u1ec7n:<\/i><\/p>\n<ul>\n<li>B\u00e1n b\u00e1nh t\u1eeb thi\u1ec7n<\/li>\n<li>Ch\u1ea1y b\u1ed9 g\u00e2y qu\u1ef9 t\u1ea1i \u0111\u1ecba ph\u01b0\u01a1ng<\/li>\n<li>G\u00e2y qu\u1ef9 qua c\u00e1c bu\u1ed5i ti\u1ec7c sinh nh\u1eadt<\/li>\n<li>B\u00e1n nh\u1eefng v\u1eadt d\u1ee5ng kh\u00f4ng c\u00f2n s\u1eed d\u1ee5ng<\/li>\n<li>V\u00e0 c\u00e1c ho\u1ea1t \u0111\u1ed9ng kh\u00e1c<\/li>\n<\/ul>\n<p>\u0110\u1ec3 bi\u1ebft th\u00eam th\u00f4ng tin v\u1ec1 ho\u1ea1t \u0111\u1ed9ng g\u00e2y qu\u1ef9 ph\u1ee5c v\u1ee5 c\u00f4ng t\u00e1c b\u1ea3o t\u1ed3n r\u00f9a, vui l\u00f2ng li\u00ean h\u1ec7 v\u1edbi ch\u00fang t\u00f4i qua: <a href=\"mailto:info@asianturtleprogram.org\">info@asianturtleprogram.org<\/a><\/p>\n<\/div><\/div><\/div>[\/vc_column][vc_column width=&#8221;1\/2&#8243;]<div id=\"cz_32762\" class=\"cz_grid_p cz_32762\"><div class=\"cz_grid cz_grid_1 clr cz_grid_c2 cz_grid_1_no_title cz_grid_1_mid tac cz_tooltip cz_grid_1_no_title\"><div class=\"cz_grid_item cz_grid_first\"><\/div><div class=\"cz_grid_item \"><div data-title=\"bake-sale-ideas-fundraising\"><a class=\"cz_grid_link \" href=\"https:\/\/asianturtleprogram.org\/wp-content\/uploads\/2020\/04\/bake-sale-ideas-fundraising.jpg\" data-xtra-lightbox><img loading=\"lazy\" decoding=\"async\" width=\"500\" height=\"333\" src=\"https:\/\/asianturtleprogram.org\/wp-content\/uploads\/2020\/04\/bake-sale-ideas-fundraising.jpg\" class=\"attachment-codevz_600_600\" alt=\"\" title=\"bake-sale-ideas-fundraising\" srcset=\"https:\/\/asianturtleprogram.org\/wp-content\/uploads\/2020\/04\/bake-sale-ideas-fundraising.jpg 500w, https:\/\/asianturtleprogram.org\/wp-content\/uploads\/2020\/04\/bake-sale-ideas-fundraising-300x200.jpg 300w\" sizes=\"auto, (max-width: 500px) 100vw, 500px\" \/><div class=\"cz_grid_details\"><i class=\"fa fa-search cz_grid_icon\"><\/i><\/div><\/a><\/div><\/div><div class=\"cz_grid_item \"><div data-title=\"run Nhandan online\"><a class=\"cz_grid_link \" href=\"https:\/\/asianturtleprogram.org\/wp-content\/uploads\/2020\/04\/run-Nhandan-online.jpg\" data-xtra-lightbox><img loading=\"lazy\" decoding=\"async\" width=\"500\" height=\"281\" src=\"https:\/\/asianturtleprogram.org\/wp-content\/uploads\/2020\/04\/run-Nhandan-online.jpg\" class=\"attachment-codevz_600_600\" alt=\"\" title=\"run Nhandan online\" srcset=\"https:\/\/asianturtleprogram.org\/wp-content\/uploads\/2020\/04\/run-Nhandan-online.jpg 500w, https:\/\/asianturtleprogram.org\/wp-content\/uploads\/2020\/04\/run-Nhandan-online-300x169.jpg 300w\" sizes=\"auto, (max-width: 500px) 100vw, 500px\" \/><div class=\"cz_grid_details\"><i class=\"fa fa-search cz_grid_icon\"><\/i><\/div><\/a><\/div><\/div><div class=\"cz_grid_item \"><div data-title=\"birthday party\"><a class=\"cz_grid_link \" href=\"https:\/\/asianturtleprogram.org\/wp-content\/uploads\/2020\/04\/birthday-party.jpg\" data-xtra-lightbox><img loading=\"lazy\" decoding=\"async\" width=\"500\" height=\"346\" src=\"https:\/\/asianturtleprogram.org\/wp-content\/uploads\/2020\/04\/birthday-party.jpg\" class=\"attachment-codevz_600_600\" alt=\"\" title=\"birthday party\" srcset=\"https:\/\/asianturtleprogram.org\/wp-content\/uploads\/2020\/04\/birthday-party.jpg 500w, https:\/\/asianturtleprogram.org\/wp-content\/uploads\/2020\/04\/birthday-party-300x208.jpg 300w\" sizes=\"auto, (max-width: 500px) 100vw, 500px\" \/><div class=\"cz_grid_details\"><i class=\"fa fa-search cz_grid_icon\"><\/i><\/div><\/a><\/div><\/div><div class=\"cz_grid_item \"><div data-title=\"old book\"><a class=\"cz_grid_link \" href=\"https:\/\/asianturtleprogram.org\/wp-content\/uploads\/2020\/04\/old-book.jpg\" data-xtra-lightbox><img loading=\"lazy\" decoding=\"async\" width=\"500\" height=\"375\" src=\"https:\/\/asianturtleprogram.org\/wp-content\/uploads\/2020\/04\/old-book.jpg\" class=\"attachment-codevz_600_600\" alt=\"\" title=\"old book\" srcset=\"https:\/\/asianturtleprogram.org\/wp-content\/uploads\/2020\/04\/old-book.jpg 500w, https:\/\/asianturtleprogram.org\/wp-content\/uploads\/2020\/04\/old-book-300x225.jpg 300w\" sizes=\"auto, (max-width: 500px) 100vw, 500px\" \/><div class=\"cz_grid_details\"><i class=\"fa fa-search cz_grid_icon\"><\/i><\/div><\/a><\/div><\/div><\/div><\/div>[\/vc_column][\/vc_row]<\/p>\n<\/div>","protected":false},"excerpt":{"rendered":"<p>[vc_row][vc_column][\/vc_column][\/vc_row][vc_row][vc_column width=&#8221;1\/2&#8243;][\/vc_column][vc_column width=&#8221;1\/2&#8243;][\/vc_column][\/vc_row] &#8230; <\/p>\n","protected":false},"author":1,"featured_media":0,"parent":0,"menu_order":0,"comment_status":"closed","ping_status":"closed","template":"","meta":{"footnotes":""},"class_list":["post-99","page","type-page","status-publish","hentry"],"translation":{"provider":"WPGlobus","version":"3.0.2","language":"vi","enabled_languages":["en","vi"],"languages":{"en":{"title":true,"content":true,"excerpt":false},"vi":{"title":true,"content":true,"excerpt":false}}},"_links":{"self":[{"href":"https:\/\/asianturtleprogram.org\/vi\/wp-json\/wp\/v2\/pages\/99","targetHints":{"allow":["GET"]}}],"collection":[{"href":"https:\/\/asianturtleprogram.org\/vi\/wp-json\/wp\/v2\/pages"}],"about":[{"href":"https:\/\/asianturtleprogram.org\/vi\/wp-json\/wp\/v2\/types\/page"}],"author":[{"embeddable":true,"href":"https:\/\/asianturtleprogram.org\/vi\/wp-json\/wp\/v2\/users\/1"}],"replies":[{"embeddable":true,"href":"https:\/\/asianturtleprogram.org\/vi\/wp-json\/wp\/v2\/comments?post=99"}],"version-history":[{"count":9,"href":"https:\/\/asianturtleprogram.org\/vi\/wp-json\/wp\/v2\/pages\/99\/revisions"}],"predecessor-version":[{"id":4739,"href":"https:\/\/asianturtleprogram.org\/vi\/wp-json\/wp\/v2\/pages\/99\/revisions\/4739"}],"wp:attachment":[{"href":"https:\/\/asianturtleprogram.org\/vi\/wp-json\/wp\/v2\/media?parent=99"}],"curies":[{"name":"wp","href":"https:\/\/api.w.org\/{rel}","templated":true}]}}