{"id":644,"date":"2018-11-27T13:29:11","date_gmt":"2018-11-27T13:29:11","guid":{"rendered":"http:\/\/asianturtleprogram.org\/wp\/?page_id=644"},"modified":"2020-05-29T12:01:32","modified_gmt":"2020-05-29T11:01:32","slug":"atp-videos","status":"publish","type":"page","link":"https:\/\/asianturtleprogram.org\/vi\/atp-videos\/","title":{"rendered":"Th\u01b0\u1edbc phim v\u1ec1 b\u1ea3o t\u1ed3n r\u00f9a"},"content":{"rendered":"<div class=\"wpb-content-wrapper\"><p>[vc_row css=&#8221;.vc_custom_1590654551833{margin-top: 50px !important;margin-bottom: 50px !important;}&#8221;][vc_column]<div id=\"cz_101108\" class=\"cz_101108 cz_gradient_title cz_gradient_title_center\"><div class=\"cz_wpe_content\"><h1 style=\"font-weight: bold; text-align: center;\"><strong>Nh\u1eefng th\u01b0\u1edbc phim v\u1ec1 b\u1ea3o t\u1ed3n r\u00f9a t\u1ea1i Vi\u1ec7t Nam<\/strong><\/h1>\n<\/div><\/div>[\/vc_column][\/vc_row][vc_row][vc_column width=&#8221;1\/2&#8243;][vc_video link=&#8221;https:\/\/www.youtube.com\/watch?v=sc8pxoMXQ9o&amp;t=10s&#8221; title=&#8221;Ti\u00eau \u0111i\u1ec3m&#8221;]<div id=\"cz_31623\" class=\"cz_31623 cz_title clr cz_title_pos_inline\"><div class=\"cz_title_content\"><div class=\"cz_wpe_content\"><p><strong>2018 proved to be a great year for releasing turtles back to the wild!<\/strong><\/p>\n<p>t\u1ea1m d\u1ecbch: 2018 l\u00e0 m\u1ed9t n\u0103m th\u00e0nh c\u00f4ng trong c\u00f4ng t\u00e1c b\u1ea3o t\u1ed3n v\u1edbi nhi\u1ec1u c\u00e1 th\u1ec3 r\u00f9a \u0111\u01b0\u1ee3c t\u00e1i th\u1ea3 v\u1ec1 m\u00f4i tr\u01b0\u1eddng hoang d\u00e3<\/p>\n<p>(Ti\u1ebfng Anh) 10\/05\/2019<\/p>\n<\/div><\/div><\/div>[\/vc_column][vc_column width=&#8221;1\/2&#8243;][vc_cta h2=&#8221;\u1ea4n n\u00fat th\u00edch, chia s\u1ebb &amp; \u0111\u0103ng k\u00fd k\u00eanh YouTube v\u1ec1 b\u1ea3o t\u1ed3n r\u00f9a&#8221; color=&#8221;green&#8221; add_button=&#8221;bottom&#8221; btn_title=&#8221;\u0110\u0102NG K\u00dd&#8221; btn_color=&#8221;warning&#8221; btn_size=&#8221;lg&#8221; btn_link=&#8221;url:https%3A%2F%2Fwww.youtube.com%2Fc%2FAsianTurtleProgram|||&#8221;]N\u1ebfu b\u1ea1n quan t\u00e2m \u0111\u1ebfn c\u00e1c ho\u1ea1t \u0111\u1ed9ng c\u1ee7a ch\u00fang t\u00f4i v\u00e0 mong mu\u1ed1n nh\u1eadn th\u00f4ng b\u00e1o v\u1ec1 nh\u1eefng th\u01b0\u1edbc phim m\u1edbi nh\u1ea5t c\u1ee7a ATP, vui l\u00f2ng \u0110\u0103ng K\u00fd k\u00eanh <a href=\"https:\/\/www.youtube.com\/c\/AsianTurtleProgram\">YouTube\u00a0<\/a> c\u1ee7a ch\u00fang t\u00f4i![\/vc_cta][\/vc_column][\/vc_row][vc_row][vc_column][vc_column_text]<\/p>\n<p>[\/vc_column_text][\/vc_column][\/vc_row][vc_row][vc_column width=&#8221;1\/4&#8243;][vc_video link=&#8221;https:\/\/www.youtube.com\/watch?v=50lXKNzHb9I&#8221;]<div id=\"cz_62039\" class=\"cz_62039 cz_title clr cz_mobile_text_center cz_title_pos_center\"><div class=\"cz_title_content\"><div class=\"cz_wpe_content\"><p class=\"title style-scope ytd-video-primary-info-renderer\"><strong>Kh\u00f3a \u0111\u00e0o t\u1ea1o c\u00e1c k\u1ef9 n\u0103ng nghi\u00ean c\u1ee9u th\u1ef1c \u0111\u1ecba v\u1ec1 r\u00f9a c\u1ea1n v\u00e0 r\u00f9a n\u01b0\u1edbc ng\u1ecdt<\/strong><\/p>\n<p class=\"title style-scope ytd-video-primary-info-renderer\">(Ph\u1ee5 \u0111\u1ec1 ti\u1ebfng Anh) 28\/05\/2020<\/p>\n<\/div><\/div><\/div>[\/vc_column][vc_column width=&#8221;1\/4&#8243;][vc_video link=&#8221;https:\/\/www.youtube.com\/watch?v=nluqzOgPkGE&amp;t=9s&#8221; align=&#8221;center&#8221;]<div id=\"cz_61904\" class=\"cz_61904 cz_title clr cz_mobile_text_center cz_title_pos_center\"><div class=\"cz_title_content\"><div class=\"cz_wpe_content\"><p class=\"title style-scope ytd-video-primary-info-renderer\"><strong>World\u2019s rarest turtle filmed for the first time in the wild!<\/strong><\/p>\n<p>t\u1ea1m d\u1ecbch: Nh\u1eefng th\u01b0\u1edbc phim \u0111\u1ea7u ti\u00ean v\u1ec1 lo\u00e0i r\u00f9a qu\u00fd hi\u1ebfm nh\u1ea5t th\u1ebf gi\u1edbi trong m\u00f4i tr\u01b0\u1eddng hoang d\u00e3<\/p>\n<p class=\"title style-scope ytd-video-primary-info-renderer\">(Ti\u1ebfng Anh) c\u1eadp nh\u1eadt: 23\/04\/2020<\/p>\n<\/div><\/div><\/div>[\/vc_column][vc_column width=&#8221;1\/4&#8243;][\/vc_column][vc_column width=&#8221;1\/4&#8243;][\/vc_column][\/vc_row][vc_row][vc_column]<div class=\"cz_gap clr \" style=\"height: 50px\"><\/div>[\/vc_column][\/vc_row][vc_row][vc_column width=&#8221;1\/4&#8243;][vc_video link=&#8221;https:\/\/www.youtube.com\/watch?v=KgPyc5m4aAU&#8221;]<div id=\"cz_31098\" class=\"cz_31098 cz_title clr cz_mobile_text_center cz_title_pos_center\"><div class=\"cz_title_content\"><div class=\"cz_wpe_content\"><p class=\"title style-scope ytd-video-primary-info-renderer\"><strong>Trung t\u00e2m B\u1ea3o t\u1ed3n R\u00f9a l\u00ean s\u00f3ng trong Ch\u01b0\u01a1ng tr\u00ecnh &#8220;Vi\u1ec7t Nam th\u1ee9c gi\u1ea5c&#8221; chi\u1ebfu tr\u00ean k\u00eanh VTV1 ng\u00e0y 13\/05\/2020<\/strong><\/p>\n<p class=\"title style-scope ytd-video-primary-info-renderer\">(Ti\u1ebfng Vi\u1ec7t) 13\/05\/2020<\/p>\n<\/div><\/div><\/div>[\/vc_column][vc_column width=&#8221;1\/4&#8243;][vc_video link=&#8221;https:\/\/youtu.be\/I7_izKOA1xc&#8221; align=&#8221;center&#8221;]<div id=\"cz_39592\" class=\"cz_39592 cz_title clr cz_mobile_text_center cz_title_pos_center\"><div class=\"cz_title_content\"><div class=\"cz_wpe_content\"><p><strong>Ph\u00f3ng s\u1ef1 \u201cM\u00f4i tr\u01b0\u1eddng b\u1ec1n v\u1eefng\u201d s\u1ed1 178 v\u1ec1 c\u00e1c n\u1ed7 l\u1ef1c \u0111\u1ec3 b\u1ea3o t\u1ed3n \u0111\u1ed9ng v\u1eadt hoang d\u00e3 n\u00f3i chung v\u00e0 b\u1ea3o t\u1ed3n r\u00f9a n\u00f3i ri\u00eang t\u1ea1i Vi\u1ec7t Nam \u0111\u01b0\u1ee3c Truy\u1ec1n h\u00ecnh Nh\u00e2n d\u00e2n ph\u00e1t s\u00f3ng ng\u00e0y ng\u00e0y 03\/05\/2019<\/strong><\/p>\n<p class=\"title style-scope ytd-video-primary-info-renderer\">(Ti\u1ebfng Vi\u1ec7t) 3\/05\/2019<\/p>\n<\/div><\/div><\/div>[\/vc_column][vc_column width=&#8221;1\/4&#8243;][vc_video link=&#8221;https:\/\/www.youtube.com\/watch?v=0zxQP4ba4QI&#8221;]<div id=\"cz_72836\" class=\"cz_72836 cz_title clr cz_mobile_text_center cz_title_pos_center\"><div class=\"cz_title_content\"><div class=\"cz_wpe_content\"><p class=\"title style-scope ytd-video-primary-info-renderer\"><strong>Rescue and release of endangered Big-headed Turtles in Vietnam<\/strong><\/p>\n<p>t\u1ea1m d\u1ecbch: C\u00f4ng t\u00e1c c\u1ee9u h\u1ed9 v\u00e0 t\u00e1i th\u1ea3 r\u00f9a \u0111\u00e2u to nguy c\u1ea5p t\u1ea1i Vi\u1ec7t Nam<\/p>\n<p class=\"title style-scope ytd-video-primary-info-renderer\">(Ti\u1ebfng Anh) 10\/05\/2019<\/p>\n<\/div><\/div><\/div>[\/vc_column][vc_column width=&#8221;1\/4&#8243;][vc_video link=&#8221;https:\/\/youtu.be\/R6abvGcReRY&#8221;]<div id=\"cz_90711\" class=\"cz_90711 cz_title clr cz_mobile_text_center cz_title_pos_center\"><div class=\"cz_title_content\"><div class=\"cz_wpe_content\"><p><strong>Ph\u00f3ng s\u1ef1 ng\u1eafn v\u1ec1 b\u1ea3o t\u1ed3n r\u00f9a t\u1ea1i Trung t\u00e2m B\u1ea3o t\u1ed3n R\u00f9a (TCC) \u0111\u01b0\u1ee3c ph\u00e1t s\u00f3ng tr\u00ean \u0110\u00e0i Truy\u1ec1n h\u00ecnh K\u1ef9 thu\u1eadt s\u1ed1 VTC\u00a0<\/strong><\/p>\n<p class=\"title style-scope ytd-video-primary-info-renderer\">(Ti\u1ebfng Vi\u1ec7t) th\u00e1ng 08\/2018<\/p>\n<\/div><\/div><\/div>[\/vc_column][\/vc_row][vc_row][vc_column]<div class=\"cz_gap clr \" style=\"height: 50px\"><\/div>[\/vc_column][\/vc_row][vc_row][vc_column width=&#8221;1\/4&#8243;][vc_video link=&#8221;https:\/\/www.youtube.com\/watch?v=mAVOAfEVdSU&#8221;]<div id=\"cz_75980\" class=\"cz_75980 cz_title clr cz_mobile_text_center cz_title_pos_center\"><div class=\"cz_title_content\"><div class=\"cz_wpe_content\"><p class=\"title style-scope ytd-video-primary-info-renderer\"><strong>Ph\u00f3ng s\u1ef1 v\u1ec1 c\u00f4ng t\u00e1c b\u1ea3o t\u1ed3n r\u00f9a t\u1ea1i Trung t\u00e2m B\u1ea3o t\u1ed3n R\u00f9a thu\u1ed9c V\u01b0\u1eddn Qu\u1ed1c gia C\u00fac Ph\u01b0\u01a1ng \u0111\u01b0\u1ee3c ph\u00e1t s\u00f3ng tr\u00ean Ch\u01b0\u01a1ng tr\u00ecnh Kh\u00e1m ph\u00e1 Vi\u1ec7t Nam, k\u00eanh VTC10<\/strong><\/p>\n<p class=\"title style-scope ytd-video-primary-info-renderer\">(Ph\u1ee5 \u0111\u1ec1 ti\u1ebfng Anh) 02\/08\/2018<\/p>\n<\/div><\/div><\/div>[\/vc_column][vc_column width=&#8221;1\/4&#8243;][vc_video link=&#8221;https:\/\/www.youtube.com\/watch?v=ZmmDXpnjfIY&#8221;]<div id=\"cz_79442\" class=\"cz_79442 cz_title clr cz_mobile_text_center cz_title_pos_center\"><div class=\"cz_title_content\"><div class=\"cz_wpe_content\"><p class=\"title style-scope ytd-video-primary-info-renderer\"><strong>2018 is coming! Happy New Year from the Asian Turtle Program (ATP) &amp; Turtle Conservation Centre (TCC).<\/strong><\/p>\n<p>t\u1ea1m d\u1ecbch: Th\u01b0\u1edbc phim ng\u1eafn v\u1edbi th\u00f4ng \u0111i\u1ec7p Ch\u00fac m\u1eebng n\u0103m m\u1edbi 2018 t\u1eeb ATP v\u00e0 TCC<\/p>\n<p class=\"title style-scope ytd-video-primary-info-renderer\">(ti\u1ebfng Anh) 03\/01\/2018<\/p>\n<\/div><\/div><\/div>[\/vc_column][vc_column width=&#8221;1\/4&#8243;][vc_video link=&#8221;https:\/\/www.youtube.com\/watch?v=TqA1RI_Zdyg&#8221;]<div id=\"cz_55573\" class=\"cz_55573 cz_title clr cz_title_pos_inline\"><div class=\"cz_title_content\"><div class=\"cz_wpe_content\"><p class=\"title style-scope ytd-video-primary-info-renderer\"><strong>M\u01b0a v\u00e0 l\u0169 l\u1edbn t\u1ea1i h\u1ed3 \u0110\u1ed3ng M\u00f4 \u0111e d\u1ecda \u0111\u1ebfn s\u1ef1 an to\u00e0n c\u1ee7a c\u00e1 th\u1ec3 r\u00f9a Ho\u00e0n Ki\u1ebfm t\u1ea1i h\u1ed3\u00a0<\/strong><\/p>\n<p>Ng\u00e0y: 12\/10\/2017<\/p>\n<\/div><\/div><\/div>[\/vc_column][vc_column width=&#8221;1\/4&#8243;][vc_video link=&#8221;https:\/\/www.youtube.com\/watch?v=_ghcz29gceE&#8221;]<div id=\"cz_35219\" class=\"cz_35219 cz_title clr cz_mobile_text_center cz_title_pos_center\"><div class=\"cz_title_content\"><div class=\"cz_wpe_content\"><p class=\"title style-scope ytd-video-primary-info-renderer\"><strong>&#8216;Ph\u00f3ng s\u1ef1 v\u1ec1 c\u00f4ng t\u00e1c ch\u0103m s\u00f3c r\u00f9a t\u1ea1i Trung t\u00e2m B\u1ea3o t\u1ed3n R\u00f9a&#8217; \u0111\u01b0\u1ee3c Vietnam News th\u1ef1c hi\u1ec7n<\/strong><\/p>\n<p class=\"title style-scope ytd-video-primary-info-renderer\">(ph\u1ee5 \u0111\u1ec1 ti\u1ebfng Anh) 19\/06\/2017<\/p>\n<\/div><\/div><\/div>[\/vc_column][\/vc_row][vc_row][vc_column]<div class=\"cz_gap clr \" style=\"height: 50px\"><\/div>[\/vc_column][\/vc_row][vc_row][vc_column width=&#8221;1\/4&#8243;][vc_video link=&#8221;https:\/\/www.youtube.com\/watch?v=2SVRsXuukX8&#8243;]<div id=\"cz_42415\" class=\"cz_42415 cz_title clr cz_title_pos_inline\"><div class=\"cz_title_content\"><div class=\"cz_wpe_content\"><p class=\"title style-scope ytd-video-primary-info-renderer\"><strong>Support the release of endangered tortoises and freshwater turtles in Vietnam<\/strong><\/p>\n<p>t\u1ea1m d\u1ecbch: k\u00eau g\u1ecdi h\u1ed7 tr\u1ee3 ho\u1ea1t \u0111\u1ed9ng t\u00e1i th\u1ea3 c\u00e1c c\u00e1 th\u1ec3 r\u00f9a c\u1ea1n v\u00e0 r\u00f9a n\u01b0\u1edbc ng\u1ecdt nguy c\u1ea5p t\u1ea1i Vi\u1ec7t Nam<\/p>\n<p>(ph\u1ee5 \u0111\u1ec1 ti\u1ebfng Anh) 14\/06\/2017<\/p>\n<\/div><\/div><\/div>[\/vc_column][vc_column width=&#8221;1\/4&#8243;][vc_video link=&#8221;https:\/\/www.youtube.com\/watch?v=0bCIh-1drgo&#8221;]<div id=\"cz_34010\" class=\"cz_34010 cz_title clr cz_title_pos_inline\"><div class=\"cz_title_content\"><div class=\"cz_wpe_content\"><p><strong>30 c\u00e1 th\u1ec3 r\u00f9a sa nh\u00e2n \u0111\u01b0\u1ee3c t\u00e1i th\u1ea3 ra khu v\u1ef1c t\u1ef1 nhi\u00ean thu\u1ed9c V\u01b0\u1eddn Qu\u1ed1c gia C\u00fac Ph\u01b0\u01a1ng &#8211; Ph\u00f3ng s\u1ef1 \u0111\u01b0\u1ee3c ph\u00e1t s\u00f3ng tr\u00ean K\u00eanh VTV1<\/strong><\/p>\n<p class=\"title style-scope ytd-video-primary-info-renderer\">(Ph\u1ee5 \u0111\u1ec1 ti\u1ebfng Anh) 09\/06\/2017<\/p>\n<\/div><\/div><\/div>[\/vc_column][vc_column width=&#8221;1\/4&#8243;][vc_video link=&#8221;https:\/\/www.youtube.com\/watch?v=jbys6wtvqfE&#8221;]<div id=\"cz_40390\" class=\"cz_40390 cz_title clr cz_title_pos_inline\"><div class=\"cz_title_content\"><div class=\"cz_wpe_content\"><p><strong>Gi\u1ea3i \u0111ua thuy\u1ec1n nh\u1eb1m v\u1eadn \u0111\u1ed9ng nh\u00e2n d\u00e2n chung tay b\u1ea3o v\u1ec7 c\u00e1 th\u1ec3 r\u00f9a Ho\u00e0n Ki\u1ebfm t\u1ea1i h\u1ed3 \u0110\u1ed3ng M\u00f4 &#8211; ph\u00f3ng s\u1ef1 chi\u1ebfu tr\u00ean k\u00eanh truy\u1ec1n h\u00ecnh H\u00e0 N\u1ed9i<\/strong><\/p>\n<p class=\"title style-scope ytd-video-primary-info-renderer\">(ti\u1ebfng Vi\u1ec7t) 18\/05\/2017<\/p>\n<\/div><\/div><\/div>[\/vc_column][vc_column width=&#8221;1\/4&#8243;][vc_video link=&#8221;https:\/\/www.youtube.com\/watch?v=5uHG4N6-xOM&#8221;]<div id=\"cz_28976\" class=\"cz_28976 cz_title clr cz_title_pos_inline\"><div class=\"cz_title_content\"><div class=\"cz_wpe_content\"><p class=\"title style-scope ytd-video-primary-info-renderer\"><strong>Th\u1ea3 c\u00e1 gi\u1ed1ng nh\u1eb1m t\u00e1i t\u1ea1o ngu\u1ed3n l\u1ee3i th\u1ee7y s\u1ea3n &#8211; Ph\u00f3ng s\u1ef1 \u0111\u01b0\u1ee3c \u0110\u00e0i truy\u1ec1n h\u00ecnh H\u00e0 N\u1ed9i th\u1ef1c hi\u1ec7n<\/strong><\/p>\n<p class=\"title style-scope ytd-video-primary-info-renderer\">(Vi\u1ec7t Nam) 19\/05\/2017<\/p>\n<\/div><\/div><\/div>[\/vc_column][\/vc_row][vc_row][vc_column]<div class=\"cz_gap clr \" style=\"height: 50px\"><\/div>[\/vc_column][\/vc_row][vc_row][vc_column width=&#8221;1\/4&#8243;][vc_video link=&#8221;https:\/\/www.youtube.com\/watch?v=AEtAku94w-I&#8221;]<div id=\"cz_88144\" class=\"cz_88144 cz_title clr cz_title_pos_inline\"><div class=\"cz_title_content\"><div class=\"cz_wpe_content\"><p class=\"title style-scope ytd-video-primary-info-renderer\"><strong>An Indochinese Box Turtle enjoys a soak at Turtle Conservation Centre<\/strong><\/p>\n<p>t\u1ea1m d\u1ecbch: c\u00e1 th\u1ec3 r\u00f9a h\u1ed9p tr\u00e1n v\u00e0ng mi\u1ec1n b\u1eafc t\u1eafm m\u00e1t t\u1ea1i Trung t\u00e2m B\u1ea3o t\u1ed3n R\u00f9a.<\/p>\n<p>(ti\u1ebfng Anh) 14\/03\/2017<\/p>\n<\/div><\/div><\/div>[\/vc_column][vc_column width=&#8221;1\/4&#8243;][vc_video link=&#8221;https:\/\/www.youtube.com\/watch?v=k0q1CX6JJaM&#8221;]<div id=\"cz_55655\" class=\"cz_55655 cz_title clr cz_title_pos_inline\"><div class=\"cz_title_content\"><div class=\"cz_wpe_content\"><p class=\"title style-scope ytd-video-primary-info-renderer\"><strong>A time lapse video of construction of waterfall enclosures for the Big-headed Turtle in Vietnam<\/strong><\/p>\n<p>t\u1ea1m d\u1ecbch: Qu\u00e1 tr\u00ecnh x\u00e2y d\u1ef1ng th\u00e1c n\u01b0\u1edbc nh\u00e2n t\u1ea1o trong khu nu\u00f4i r\u00f9a \u0111\u1ea7u to t\u1ea1i Vi\u1ec7t Nam<\/p>\n<p>(ti\u1ebfng Anh) 07\/01\/2017<\/p>\n<\/div><\/div><\/div>[\/vc_column][vc_column width=&#8221;1\/4&#8243;][vc_video link=&#8221;https:\/\/www.youtube.com\/watch?v=44YTiCb_tso&#8221;]<div id=\"cz_81700\" class=\"cz_81700 cz_title clr cz_title_pos_inline\"><div class=\"cz_title_content\"><div class=\"cz_wpe_content\"><p class=\"title style-scope ytd-video-primary-info-renderer\"><strong>Nh\u1eefng th\u01b0\u1edbc phim \u0111\u1ea7u ti\u00ean v\u1ec1 lo\u00e0i r\u00f9a qu\u00fd hi\u1ebfm nh\u1ea5t th\u1ebf gi\u1edbi trong m\u00f4i tr\u01b0\u1eddng hoang d\u00e3<\/strong><\/p>\n<p class=\"title style-scope ytd-video-primary-info-renderer\">(ti\u1ebfng Vi\u1ec7t) 14\/12\/2016<\/p>\n<\/div><\/div><\/div>[\/vc_column][vc_column width=&#8221;1\/4&#8243;][vc_video link=&#8221;https:\/\/www.youtube.com\/watch?v=7cCA8SB8bTY&#8221;]<div id=\"cz_37632\" class=\"cz_37632 cz_title clr cz_title_pos_inline\"><div class=\"cz_title_content\"><div class=\"cz_wpe_content\"><p class=\"title style-scope ytd-video-primary-info-renderer\"><strong>The Turtle Conservation Centre mannequin challenge Vietnam 2016<\/strong><\/p>\n<p>t\u1ea1m d\u1ecbch: Th\u1eed th\u00e1ch \u0111\u1ee9ng h\u00ecnh c\u00f9ng nh\u00e2n vi\u00ean Trung t\u00e2m B\u1ea3o t\u1ed3n R\u00f9a &#8211; n\u0103m 2016<\/p>\n<p>(ti\u1ebfng Anh) 14\/12\/2016<\/p>\n<\/div><\/div><\/div>[\/vc_column][\/vc_row][vc_row][vc_column]<div class=\"cz_gap clr \" style=\"height: 50px\"><\/div>[\/vc_column][\/vc_row][vc_row][vc_column width=&#8221;1\/4&#8243;][vc_video link=&#8221;https:\/\/www.youtube.com\/watch?v=vvYuRUMs9tA&#8221;]<div id=\"cz_32377\" class=\"cz_32377 cz_title clr cz_title_pos_inline\"><div class=\"cz_title_content\"><div class=\"cz_wpe_content\"><div id=\"player\" class=\"style-scope ytd-watch-flexy\">\n<div id=\"player-container-outer\" class=\"style-scope ytd-watch-flexy\">\n<div id=\"player-container-inner\" class=\"style-scope ytd-watch-flexy\">\n<div id=\"player-container\" class=\"style-scope ytd-watch-flexy\" role=\"complementary\">\n<div id=\"container\" class=\"style-scope ytd-player\">\n<div id=\"movie_player\" class=\"html5-video-player ytp-transparent ytp-exp-marker-tooltip ytp-hide-info-bar ytp-large-width-mode playing-mode ytp-autohide\" tabindex=\"-1\" data-version=\"\/s\/player\/45e4d51d\/player_ias.vflset\/vi_VN\/base.js\" aria-label=\"Tr\u00ecnh ph\u00e1t video YouTube\">\n<div class=\"ytp-chrome-bottom\" data-layer=\"8\">\n<div class=\"ytp-chrome-controls\">\n<div class=\"ytp-left-controls\">\n<div class=\"ytp-time-display notranslate\">\n<div id=\"player\" class=\"style-scope ytd-watch-flexy\">\n<div id=\"player-container-outer\" class=\"style-scope ytd-watch-flexy\">\n<div id=\"player-container-inner\" class=\"style-scope ytd-watch-flexy\">\n<div id=\"player-container\" class=\"style-scope ytd-watch-flexy\" role=\"complementary\">\n<div id=\"container\" class=\"style-scope ytd-player\">\n<div id=\"movie_player\" class=\"html5-video-player ytp-transparent ytp-exp-marker-tooltip ytp-hide-info-bar ytp-large-width-mode playing-mode ytp-autohide\" tabindex=\"-1\" data-version=\"\/s\/player\/45e4d51d\/player_ias.vflset\/vi_VN\/base.js\" aria-label=\"Tr\u00ecnh ph\u00e1t video YouTube\">\n<div class=\"ytp-chrome-bottom\" data-layer=\"8\">\n<div class=\"ytp-chrome-controls\">\n<div class=\"ytp-left-controls\">\n<div class=\"ytp-time-display notranslate\">\n<p><strong>Ph\u00f3ng s\u1ef1 v\u1ec1 c\u00e1 th\u1ec3 r\u00f9a t\u1ea1i h\u1ed3 \u0110\u1ed3ng M\u00f4 \u0111\u01b0\u1ee3c k\u00eanh VTC14 th\u1ef1c hi\u1ec7n<\/strong><\/p>\n<p>(ti\u1ebfng Vi\u1ec7t) 18\/10\/2016<\/p>\n<\/div>\n<\/div>\n<\/div>\n<\/div>\n<\/div>\n<\/div>\n<\/div>\n<\/div>\n<\/div>\n<\/div>\n<\/div>\n<\/div>\n<\/div>\n<\/div>\n<\/div>\n<\/div>\n<\/div>\n<\/div>\n<\/div>\n<\/div>\n<\/div><\/div><\/div>[\/vc_column][vc_column width=&#8221;1\/4&#8243;][vc_video link=&#8221;https:\/\/www.youtube.com\/watch?v=TQw63pLT4dM&#8221;]<div id=\"cz_25341\" class=\"cz_25341 cz_title clr cz_title_pos_inline\"><div class=\"cz_title_content\"><div class=\"cz_wpe_content\"><p><strong>C\u1ea3nh b\u00e3o \u1edf h\u1ed3 \u0110\u1ed3ng M\u00f4, sinh c\u1ea3nh hoang d\u00e3 c\u1ee7a lo\u00e0i Gi\u1ea3i Sin-hoe<\/strong><\/p>\n<p>18\/10\/2016<\/p>\n<\/div><\/div><\/div>[\/vc_column][vc_column width=&#8221;1\/4&#8243;][vc_video link=&#8221;https:\/\/www.youtube.com\/watch?v=JrWSVEeTlNo&#8221;]<div id=\"cz_53878\" class=\"cz_53878 cz_title clr cz_title_pos_inline\"><div class=\"cz_title_content\"><div class=\"cz_wpe_content\"><p><strong>Ph\u00f3ng s\u1ef1 v\u1ec1 \u00f4ng Tim McCormack v\u00e0 nh\u1eefng \u0111\u00f3ng g\u00f3p trong c\u00f4ng t\u00e1c b\u1ea3o t\u1ed3n r\u00f9a t\u1ea1i Vi\u1ec7t Nam \u0111\u01b0\u1ee3c ph\u00e1t s\u00f3ng tr\u00ean Ch\u01b0\u01a1ng tr\u00ecnh K\u1ebft n\u1ed1i Vi\u1ec7t Nam, \u0110\u00e0i truy\u1ec1n h\u00ecnh H\u00e0 N\u1ed9i<\/strong><\/p>\n<p>(ti\u1ebfng Vi\u1ec7t) 18\/10\/2016<\/p>\n<\/div><\/div><\/div>[\/vc_column][vc_column width=&#8221;1\/4&#8243;][vc_video link=&#8221;https:\/\/www.youtube.com\/watch?v=55Hqbvqm3Ms&#8221;]<div id=\"cz_79615\" class=\"cz_79615 cz_title clr cz_title_pos_inline\"><div class=\"cz_title_content\"><div class=\"cz_wpe_content\"><p><strong>T\u1ecbch thu c\u00e1c c\u00e1 th\u1ec3 r\u00f9a h\u1ed9p tr\u00e1n v\u00e0ng nguy c\u1ea5p t\u1ea1i H\u00e0 N\u1ed9i &#8211; ph\u00f3ng s\u1ef1 ph\u00e1t tr\u00ean b\u1ea3n tin k\u00eanh An ninh th\u1ee7 \u0111\u00f4<\/strong><\/p>\n<p>(ti\u1ebfng Vi\u1ec7t) 18\/10\/2016<\/p>\n<\/div><\/div><\/div>[\/vc_column][\/vc_row][vc_row][vc_column]<div class=\"cz_gap clr \" style=\"height: 50px\"><\/div>[\/vc_column][\/vc_row]<\/p>\n<\/div>","protected":false},"excerpt":{"rendered":"<p>[vc_row css=&#8221;.vc_custom_1590654551833{margin-top: 50px !important;margin-bottom: 50px !important;}&#8221;][vc_column][\/vc_column][\/vc_row][vc_row][vc_column width=&#8221;1\/2&#8243;][vc_video link=&#8221;https:\/\/www.youtube.com\/watch?v=sc8pxoMXQ9o&amp;t=10s&#8221; title=&#8221;Ti\u00eau \u0111i\u1ec3m&#8221;][\/vc_column][vc_column width=&#8221;1\/2&#8243;][vc_cta &#8230; <\/p>\n","protected":false},"author":1,"featured_media":0,"parent":0,"menu_order":0,"comment_status":"closed","ping_status":"closed","template":"","meta":{"footnotes":""},"class_list":["post-644","page","type-page","status-publish","hentry"],"translation":{"provider":"WPGlobus","version":"3.0.2","language":"vi","enabled_languages":["en","vi"],"languages":{"en":{"title":true,"content":true,"excerpt":false},"vi":{"title":true,"content":true,"excerpt":false}}},"_links":{"self":[{"href":"https:\/\/asianturtleprogram.org\/vi\/wp-json\/wp\/v2\/pages\/644","targetHints":{"allow":["GET"]}}],"collection":[{"href":"https:\/\/asianturtleprogram.org\/vi\/wp-json\/wp\/v2\/pages"}],"about":[{"href":"https:\/\/asianturtleprogram.org\/vi\/wp-json\/wp\/v2\/types\/page"}],"author":[{"embeddable":true,"href":"https:\/\/asianturtleprogram.org\/vi\/wp-json\/wp\/v2\/users\/1"}],"replies":[{"embeddable":true,"href":"https:\/\/asianturtleprogram.org\/vi\/wp-json\/wp\/v2\/comments?post=644"}],"version-history":[{"count":24,"href":"https:\/\/asianturtleprogram.org\/vi\/wp-json\/wp\/v2\/pages\/644\/revisions"}],"predecessor-version":[{"id":4616,"href":"https:\/\/asianturtleprogram.org\/vi\/wp-json\/wp\/v2\/pages\/644\/revisions\/4616"}],"wp:attachment":[{"href":"https:\/\/asianturtleprogram.org\/vi\/wp-json\/wp\/v2\/media?parent=644"}],"curies":[{"name":"wp","href":"https:\/\/api.w.org\/{rel}","templated":true}]}}