{"id":60,"date":"2018-09-03T20:39:57","date_gmt":"2018-09-03T19:39:57","guid":{"rendered":"http:\/\/asianturtleprogram.org\/wp\/?page_id=60"},"modified":"2021-03-16T04:14:38","modified_gmt":"2021-03-16T04:14:38","slug":"contact-us","status":"publish","type":"page","link":"https:\/\/asianturtleprogram.org\/vi\/contact-us\/","title":{"rendered":"Li\u00ean h\u1ec7 ch\u00fang t\u00f4i"},"content":{"rendered":"<div class=\"wpb-content-wrapper\"><p>[vc_row][vc_column][vc_gmaps link=&#8221;#E-8_JTNDaWZyYW1lJTIwc3JjJTNEJTIyaHR0cHMlM0ElMkYlMkZ3d3cuZ29vZ2xlLmNvbSUyRm1hcHMlMkZlbWJlZCUzRnBiJTNEJTIxMW0xOCUyMTFtMTIlMjExbTMlMjExZDU5NjA0LjcyMzg2MTA0MDYwNiUyMTJkMTA1Ljc2ODI3MDkzNDg2NTk1JTIxM2QyMC45ODA3OTkwNzY3NTQ2NjglMjEybTMlMjExZjAlMjEyZjAlMjEzZjAlMjEzbTIlMjExaTEwMjQlMjEyaTc2OCUyMTRmMTMuMSUyMTNtMyUyMTFtMiUyMTFzMHgwJTI1M0EweDFiNzYzNDhjZmI3NjU2MTklMjEyc0NUMiUyQkJhYyUyQkhhJTIxNWUwJTIxM20yJTIxMXNlbiUyMTJzdWslMjE0djE1MzkxMjY1NTM5NTUlMjIlMjB3aWR0aCUzRCUyMjE5MjAlMjIlMjBoZWlnaHQlM0QlMjI2MDAlMjIlMjBmcmFtZWJvcmRlciUzRCUyMjAlMjIlMjBzdHlsZSUzRCUyMmJvcmRlciUzQTAlMjIlMjBhbGxvd2Z1bGxzY3JlZW4lM0UlM0MlMkZpZnJhbWUlM0U=&#8221;][\/vc_column][\/vc_row][vc_row][vc_column width=&#8221;1\/2&#8243;][vc_column_text]<strong>Ch\u01b0\u01a1ng tr\u00ecnh B\u1ea3o t\u1ed3n R\u00f9a ch\u00e2u \u00c1 &#8211; T\u1ed5 ch\u1ee9c Indo-Myanmar Conservation<\/strong><br \/>\nPh\u00f2ng 1806 CT1, t\u00f2a nh\u00e0 C14 B\u1eafc H\u00e0, ph\u1ed1 T\u1ed1 H\u1eefu, qu\u1eadn Nam T\u1eeb Li\u00eam, H\u00e0 N\u1ed9i, Vi\u1ec7t Nam<br \/>\nH\u00f2m th\u01b0 46<br \/>\n\u0110i\u1ec7n tho\u1ea1i:+84 (0) 24 7302 8389<br \/>\nE-mail:\u00a0<a class=\"style61\" href=\"mailto:%20info@asianturtleprogram.org\">info@asianturtleprogram.org<\/a><br \/>\nFacebook:\u00a0<a class=\"style61\" href=\"http:\/\/asianturtleprogram.org\/www.facebook.com\/AsianTurtleProgram\">www.facebook.com\/AsianTurtleProgram<\/a>[\/vc_column_text][\/vc_column][vc_column width=&#8221;1\/2&#8243; el_id=&#8221;2778&#8243;][contact-form-7 id=&#8221;2778&#8243;][\/vc_column][\/vc_row]<\/p>\n<\/div>","protected":false},"excerpt":{"rendered":"<p>[vc_row][vc_column][vc_gmaps link=&#8221;#E-8_JTNDaWZyYW1lJTIwc3JjJTNEJTIyaHR0cHMlM0ElMkYlMkZ3d3cuZ29vZ2xlLmNvbSUyRm1hcHMlMkZlbWJlZCUzRnBiJTNEJTIxMW0xOCUyMTFtMTIlMjExbTMlMjExZDU5NjA0LjcyMzg2MTA0MDYwNiUyMTJkMTA1Ljc2ODI3MDkzNDg2NTk1JTIxM2QyMC45ODA3OTkwNzY3NTQ2NjglMjEybTMlMjExZjAlMjEyZjAlMjEzZjAlMjEzbTIlMjExaTEwMjQlMjEyaTc2OCUyMTRmMTMuMSUyMTNtMyUyMTFtMiUyMTFzMHgwJTI1M0EweDFiNzYzNDhjZmI3NjU2MTklMjEyc0NUMiUyQkJhYyUyQkhhJTIxNWUwJTIxM20yJTIxMXNlbiUyMTJzdWslMjE0djE1MzkxMjY1NTM5NTUlMjIlMjB3aWR0aCUzRCUyMjE5MjAlMjIlMjBoZWlnaHQlM0QlMjI2MDAlMjIlMjBmcmFtZWJvcmRlciUzRCUyMjAlMjIlMjBzdHlsZSUzRCUyMmJvcmRlciUzQTAlMjIlMjBhbGxvd2Z1bGxzY3JlZW4lM0UlM0MlMkZpZnJhbWUlM0U=&#8221;][\/vc_column][\/vc_row][vc_row][vc_column width=&#8221;1\/2&#8243;][vc_column_text]Ch\u01b0\u01a1ng tr\u00ecnh B\u1ea3o t\u1ed3n R\u00f9a ch\u00e2u \u00c1 &#8211; T\u1ed5 &#8230; <\/p>\n","protected":false},"author":1,"featured_media":0,"parent":0,"menu_order":0,"comment_status":"closed","ping_status":"closed","template":"","meta":{"footnotes":""},"class_list":["post-60","page","type-page","status-publish","hentry"],"translation":{"provider":"WPGlobus","version":"3.0.2","language":"vi","enabled_languages":["en","vi"],"languages":{"en":{"title":true,"content":true,"excerpt":false},"vi":{"title":true,"content":true,"excerpt":false}}},"_links":{"self":[{"href":"https:\/\/asianturtleprogram.org\/vi\/wp-json\/wp\/v2\/pages\/60","targetHints":{"allow":["GET"]}}],"collection":[{"href":"https:\/\/asianturtleprogram.org\/vi\/wp-json\/wp\/v2\/pages"}],"about":[{"href":"https:\/\/asianturtleprogram.org\/vi\/wp-json\/wp\/v2\/types\/page"}],"author":[{"embeddable":true,"href":"https:\/\/asianturtleprogram.org\/vi\/wp-json\/wp\/v2\/users\/1"}],"replies":[{"embeddable":true,"href":"https:\/\/asianturtleprogram.org\/vi\/wp-json\/wp\/v2\/comments?post=60"}],"version-history":[{"count":4,"href":"https:\/\/asianturtleprogram.org\/vi\/wp-json\/wp\/v2\/pages\/60\/revisions"}],"predecessor-version":[{"id":2787,"href":"https:\/\/asianturtleprogram.org\/vi\/wp-json\/wp\/v2\/pages\/60\/revisions\/2787"}],"wp:attachment":[{"href":"https:\/\/asianturtleprogram.org\/vi\/wp-json\/wp\/v2\/media?parent=60"}],"curies":[{"name":"wp","href":"https:\/\/api.w.org\/{rel}","templated":true}]}}