{"id":49,"date":"2018-09-03T20:36:20","date_gmt":"2018-09-03T20:36:20","guid":{"rendered":"http:\/\/asianturtleprogram.org\/wp\/?page_id=49"},"modified":"2020-05-05T09:18:54","modified_gmt":"2020-05-05T08:18:54","slug":"mission-vision-and-history","status":"publish","type":"page","link":"https:\/\/asianturtleprogram.org\/vi\/mission-vision-and-history\/","title":{"rendered":"S\u1ee9 m\u1ec7nh, t\u1ea7m nh\u00ecn v\u00e0 l\u1ecbch s\u1eed"},"content":{"rendered":"<div class=\"wpb-content-wrapper\"><p>[vc_row][vc_column]<div id=\"cz_25635\" class=\"cz_25635 cz_gradient_title cz_mobile_text_center cz_gradient_title_center\"><div class=\"cz_wpe_content\"><h1 style=\"font-size: 35px; font-weight: bold; text-align: center;\"><strong>S\u1ee9 m\u1ec7nh, t\u1ea7m nh\u00ecn v\u00e0 l\u1ecbch s\u1eed<\/strong><\/h1>\n<\/div><\/div>[\/vc_column][\/vc_row][vc_row][vc_column]<div id=\"cz_61902\" class=\"cz_61902 cz_gradient_title\"><div class=\"cz_wpe_content\"><h1 style=\"font-size: 25px; font-weight: bold;\"><strong>S\u1ee9 m\u1ec7nh<\/strong><\/h1>\n<\/div><\/div>[vc_column_text]Th\u1ef1c hi\u1ec7n nghi\u00ean c\u1ee9u, b\u1ea3o t\u1ed3n sinh c\u1ea3nh s\u1ed1ng, truy\u1ec1n th\u00f4ng t\u1edbi c\u1ed9ng \u0111\u1ed9ng v\u00e0 x\u00e2y d\u1ef1ng \u0111\u1ed9i ng\u0169 chuy\u00ean m\u00f4n nh\u1eb1m b\u1ea3o t\u1ed3n c\u00e1c lo\u00e0i r\u00f9a c\u1ea1n v\u00e0 r\u00f9a n\u01b0\u1edbc ng\u1ecdt ch\u00e2u \u00c1.[\/vc_column_text][\/vc_column][\/vc_row][vc_row][vc_column]<div id=\"cz_85428\" class=\"cz_85428 cz_gradient_title\"><div class=\"cz_wpe_content\"><h1 style=\"font-size: 25px; font-weight: bold;\"><strong>T\u1ea7m nh\u00ecn<\/strong><\/h1>\n<\/div><\/div>[vc_column_text]Thi\u1ebft l\u1eadp m\u1ed9t t\u01b0\u01a1ng lai an to\u00e0n v\u00e0 b\u1ec1n v\u1eefng cho c\u00e1c lo\u00e0i r\u00f9a c\u1ea1n v\u00e0 r\u00f9a n\u01b0\u1edbc ng\u1ecdt ch\u00e2u \u00c1, \u0111\u1ea3m b\u1ea3o r\u1eb1ng s\u1ebd kh\u00f4ng c\u00f3 th\u00eam lo\u00e0i n\u00e0o b\u1ecb tuy\u1ec7t ch\u1ee7ng trong khu v\u1ef1c.[\/vc_column_text][\/vc_column][\/vc_row][vc_row][vc_column]<div id=\"cz_19907\" class=\"cz_19907 cz_gradient_title\"><div class=\"cz_wpe_content\"><h1 style=\"font-size: 25px; font-weight: bold;\"><strong>L\u1ecbch s\u1eed ho\u1ea1t \u0111\u1ed9ng<\/strong><\/h1>\n<\/div><\/div><div id=\"cz_90727\" class=\"cz_90727\"><div class=\"cz_history_1 cz_has_year\"><span>1998<\/span><div>[vc_column_text]Ch\u01b0\u01a1ng tr\u00ecnh B\u1ea3o t\u1ed3n r\u00f9a ch\u00e2u \u00c1 \u0111\u01b0\u1ee3c th\u00e0nh l\u1eadp c\u00f9ng v\u1edbi Trung t\u00e2m B\u1ea3o t\u1ed3n R\u00f9a (TCC) t\u1ea1i V\u01b0\u1eddn qu\u1ed1c gia C\u00fac Ph\u01b0\u01a1ng, t\u1ec9nh Ninh B\u00ecnh, Vi\u1ec7t Nam[\/vc_column_text]<\/div><\/div><\/div><div class=\"cz_gap clr \" style=\"height: 10px\"><\/div><div id=\"cz_79989\" class=\"cz_79989\"><div class=\"cz_history_1 cz_has_year\"><span>2003<\/span><div>[vc_column_text]ATP s\u00e1p nh\u1eadp v\u00e0o V\u01b0\u1eddn th\u00fa Cleveland Metroparks \/ Hi\u1ec7p h\u1ed9i V\u01b0\u1eddn th\u00fa Cleveland khu v\u1ef1c ch\u00e2u \u00c1[\/vc_column_text]<\/div><\/div><\/div><div class=\"cz_gap clr \" style=\"height: 30px\"><\/div><div id=\"cz_61998\" class=\"cz_61998\"><div class=\"cz_history_1 cz_has_year\"><span>2005<\/span><div>[vc_column_text]ATP l\u1ea7n \u0111\u1ea7u ti\u00ean t\u1ed5 ch\u1ee9c kh\u00f3a t\u1eadp hu\u1ea5n th\u01b0\u1eddng ni\u00ean c\u00e1c k\u1ef9 n\u0103ng nghi\u00ean c\u1ee9u th\u1ef1c \u0111\u1ecba v\u1ec1 r\u00f9a c\u1ea1n v\u00e0 r\u00f9a n\u01b0\u1edbc ng\u1ecdt t\u1ea1i TCC d\u00e0nh cho sinh vi\u1ec7c \u0111\u1ea1i h\u1ecdc v\u00e0 ki\u1ec3m l\u00e2m vi\u00ean \u1edf Vi\u1ec7t Nam. Kh\u00f3a h\u1ecdc sau \u0111\u00f3 \u0111\u00e3 \u0111\u01b0\u1ee3c t\u1ed5 ch\u1ee9c \u1edf Campuchia, L\u00e0o v\u00e0 Myanmar.[\/vc_column_text]<\/div><\/div><\/div><div class=\"cz_gap clr \" style=\"height: 10px\"><\/div><div id=\"cz_86541\" class=\"cz_86541\"><div class=\"cz_history_1 cz_has_year\"><span>2006<\/span><div>[vc_column_text]Trong qu\u00e1 tr\u00ecnh th\u1ef1c hi\u1ec7n nh\u1eefng chuy\u1ebfn \u0111i\u1ec1u tra th\u1ef1c \u0111\u1ecba \u1edf mi\u1ec1n Trung Vi\u1ec7t Nam, ATP \u0111\u00e3 ghi nh\u1eadn s\u1ef1 xu\u1ea5t hi\u1ec7n c\u1ee7a c\u00e1 th\u1ec3 r\u00f9a Trung B\u1ed9 (<em>Mauremys annamensis<\/em>) \u0111\u1ea7u ti\u00ean ngo\u00e0i m\u00f4i tr\u01b0\u1eddng hoang d\u00e3 trong g\u1ea7n 70 n\u0103m tr\u1edf l\u1ea1i \u0111\u00e2y \u1edf t\u1ec9nh Qu\u1ea3ng Nam.[\/vc_column_text]<\/div><\/div><\/div><div class=\"cz_gap clr \" style=\"height: 10px\"><\/div><div id=\"cz_100962\" class=\"cz_100962\"><div class=\"cz_history_1 cz_has_year\"><span>2007<\/span><div>[vc_column_text]Nh\u00f3m nghi\u00ean c\u1ee9u ATP \u0111\u00e3 ph\u00e1t hi\u1ec7n c\u00e1 th\u1ec3 r\u00f9a Ho\u00e0n Ki\u1ebfm (<em>Rafetus swinhoei<\/em>) hoang d\u00e3 \u0111\u01b0\u1ee3c bi\u1ebft \u0111\u1ebfn duy nh\u1ea5t c\u00f2n t\u1ed3n t\u1ea1i ngo\u00e0i t\u1ef1 nhi\u00ean \u2013 lo\u00e0i c\u1ef1c k\u1ef3 nguy c\u1ea5p ch\u1ec9 ph\u00e2n b\u1ed1 \u1edf Vi\u1ec7t Nam v\u00e0 Trung Qu\u1ed1c. Sau ph\u00e1t hi\u1ec7n n\u00e0y, ATP \u0111\u00e3 \u0111\u1ea9y m\u1ea1nh nh\u1eefng n\u1ed7 l\u1ef1c b\u1ea3o v\u1ec7 lo\u00e0i n\u00e0y kh\u1ecfi b\u1edd v\u1ef1c tuy\u1ec7t ch\u1ee7ng.[\/vc_column_text]<\/div><\/div><\/div><div class=\"cz_gap clr \" style=\"height: 10px\"><\/div><div id=\"cz_80786\" class=\"cz_80786\"><div class=\"cz_history_1 cz_has_year\"><span>2015<\/span><div>[vc_column_text]ATP s\u00e1p nh\u1eadp v\u00e0o T\u1ed5 ch\u1ee9c Indo-Myanmar Conservation, m\u1ed9t t\u1ed5 ch\u1ee9c phi ch\u00ednh ph\u1ee7 c\u00f3 \u0111\u0103ng k\u00fd ho\u1ea1t \u0111\u1ed9ng t\u1ea1i Anh v\u00e0 Vi\u1ec7t Nam, nh\u1eb1m n\u00e2ng cao n\u0103ng l\u1ef1c th\u1ef1c hi\u1ec7n c\u00f4ng t\u00e1c b\u1ea3o t\u1ed3n t\u1ea1i Vi\u1ec7t Nam v\u00e0 c\u00e1c \u0111i\u1ec3m n\u00f3ng \u1edf khu v\u1ef1c \u0110\u00f4ng D\u01b0\u01a1ng \u2013 Mi\u1ebfn \u0110i\u1ec7n, bao g\u1ed3m Campuchia, L\u00e0o, Myanmar, Th\u00e1i Lan v\u00e0 Vi\u1ec7t Nam.[\/vc_column_text]<\/div><\/div><\/div><div class=\"cz_gap clr \" style=\"height: 10px\"><\/div><div id=\"cz_76322\" class=\"cz_76322\"><div class=\"cz_history_1 cz_has_year\"><span>2018<\/span><div>[vc_column_text]ATP\/IMC ph\u00e1t hi\u1ec7n \u0111\u01b0\u1ee3c th\u00eam m\u1ed9t c\u00e1 th\u1ec3 r\u00f9a Ho\u00e0n Ki\u1ebfm th\u1ee9 hai ngo\u00e0i t\u1ef1 nhi\u00ean, n\u00e2ng t\u1ed5ng s\u1ed1 c\u00e1 th\u1ec3 \u0111\u01b0\u1ee3c bi\u1ebft \u0111\u1ebfn ngo\u00e0i t\u1ef1 nhi\u00ean v\u00e0 \u0111ang \u0111\u01b0\u1ee3c nu\u00f4i b\u1ea3o t\u1ed3n l\u00ean b\u1ed1n (t\u1ea1i th\u1eddi \u0111i\u1ec3m \u0111\u00f3).[\/vc_column_text]<\/div><\/div><\/div><div class=\"cz_gap clr \" style=\"height: 10px\"><\/div>[\/vc_column][\/vc_row]<\/p>\n<\/div>","protected":false},"excerpt":{"rendered":"<p>[vc_row][vc_column][\/vc_column][\/vc_row][vc_row][vc_column][vc_column_text]Th\u1ef1c hi\u1ec7n nghi\u00ean c\u1ee9u, b\u1ea3o t\u1ed3n sinh c\u1ea3nh s\u1ed1ng, truy\u1ec1n th\u00f4ng &#8230; <\/p>\n","protected":false},"author":1,"featured_media":0,"parent":0,"menu_order":0,"comment_status":"closed","ping_status":"closed","template":"","meta":{"footnotes":""},"class_list":["post-49","page","type-page","status-publish","hentry"],"translation":{"provider":"WPGlobus","version":"3.0.2","language":"vi","enabled_languages":["en","vi"],"languages":{"en":{"title":true,"content":true,"excerpt":false},"vi":{"title":true,"content":true,"excerpt":false}}},"_links":{"self":[{"href":"https:\/\/asianturtleprogram.org\/vi\/wp-json\/wp\/v2\/pages\/49","targetHints":{"allow":["GET"]}}],"collection":[{"href":"https:\/\/asianturtleprogram.org\/vi\/wp-json\/wp\/v2\/pages"}],"about":[{"href":"https:\/\/asianturtleprogram.org\/vi\/wp-json\/wp\/v2\/types\/page"}],"author":[{"embeddable":true,"href":"https:\/\/asianturtleprogram.org\/vi\/wp-json\/wp\/v2\/users\/1"}],"replies":[{"embeddable":true,"href":"https:\/\/asianturtleprogram.org\/vi\/wp-json\/wp\/v2\/comments?post=49"}],"version-history":[{"count":11,"href":"https:\/\/asianturtleprogram.org\/vi\/wp-json\/wp\/v2\/pages\/49\/revisions"}],"predecessor-version":[{"id":4161,"href":"https:\/\/asianturtleprogram.org\/vi\/wp-json\/wp\/v2\/pages\/49\/revisions\/4161"}],"wp:attachment":[{"href":"https:\/\/asianturtleprogram.org\/vi\/wp-json\/wp\/v2\/media?parent=49"}],"curies":[{"name":"wp","href":"https:\/\/api.w.org\/{rel}","templated":true}]}}