{"id":45,"date":"2018-09-03T20:34:33","date_gmt":"2018-09-03T20:34:33","guid":{"rendered":"http:\/\/asianturtleprogram.org\/wp\/?page_id=45"},"modified":"2022-05-17T14:01:54","modified_gmt":"2022-05-17T13:01:54","slug":"support-us","status":"publish","type":"page","link":"https:\/\/asianturtleprogram.org\/vi\/support-us\/","title":{"rendered":"H\u1ed7 tr\u1ee3"},"content":{"rendered":"<div class=\"wpb-content-wrapper\"><p>[vc_row][vc_column]<div class=\"cz_gap clr  hide_on_tablet hide_on_mobile\" style=\"height: 110px\"><\/div><div class=\"cz_gap show_on_tablet clr  show_only_tablet\" style=\"height: 100px\"><\/div><div class=\"cz_gap show_on_mobile clr\" style=\"height: 80px\"><\/div><div id=\"cz_60721\" class=\"cz_60721 cz_title clr cz_mobile_text_center cz_title_pos_inline tac\"><div class=\"cz_title_shape shape_text cz_shape_1\">C\u1ea2M \u01a0N!<\/div><div class=\"cz_title_content\"><div class=\"cz_wpe_content\"><h2 style=\"text-align: center;\"><span style=\"font-size: 46px;\">H\u1ed7 tr\u1ee3 <span style=\"color: #edbb5f;\">ch\u00fang t\u00f4i<\/span><\/span><\/h2>\n<p style=\"text-align: center;\"><span style=\"color: #808080; font-size: 18px;\">V\u1edbi nhi\u1ec1u ho\u1ea1t \u0111\u1ed9ng nghi\u00ean c\u1ee9u, b\u1ea3o t\u1ed3n, v\u00e0 n\u00e2ng cao nh\u1eadn th\u1ee9c, ATP \u0111ang kh\u00f4ng ng\u1eebng ph\u00e1t tri\u1ec3n, \u0111\u00f3ng g\u00f3p cho c\u00f4ng t\u00e1c b\u1ea3o t\u1ed3n c\u00e1c lo\u00e0i r\u00f9a c\u1ea1n v\u00e0 r\u00f9a n\u01b0\u1edbc ng\u1ecdt ch\u00e2u \u00c1. B\u1ea1n c\u00f3 th\u1ec3 h\u1ed7 tr\u1ee3, t\u00e0i tr\u1ee3, t\u00ecnh nguy\u1ec7n, l\u00e0m vi\u1ec7c v\u00e0 tham gia c\u00f9ng ch\u00fang t\u00f4i trong c\u00f4ng t\u00e1c b\u1ea3o t\u1ed3n c\u00e1c lo\u00e0i r\u00f9a nguy c\u1ea5p!<\/span><\/p>\n<p>&nbsp;<\/p>\n<\/div><\/div><\/div>[\/vc_column][\/vc_row][vc_row][vc_column width=&#8221;1\/3&#8243;]<div id=\"cz_36863\" class=\"cz_36863 cz_banner clr cz_svg_bg wpb_animate_when_almost_visible flipInY\">\n\t\t\t<figure class=\"effect-style5\">\n\t\t\t\t<img loading=\"lazy\" decoding=\"async\" width=\"800\" height=\"363\" src=\"https:\/\/asianturtleprogram.org\/wp-content\/uploads\/2020\/04\/adopt-a-turtle.jpg\" class=\"attachment-full\" alt=\"\" title=\"adopt-a-turtle\" srcset=\"https:\/\/asianturtleprogram.org\/wp-content\/uploads\/2020\/04\/adopt-a-turtle.jpg 800w, https:\/\/asianturtleprogram.org\/wp-content\/uploads\/2020\/04\/adopt-a-turtle-300x136.jpg 300w, https:\/\/asianturtleprogram.org\/wp-content\/uploads\/2020\/04\/adopt-a-turtle-768x348.jpg 768w, https:\/\/asianturtleprogram.org\/wp-content\/uploads\/2020\/04\/adopt-a-turtle-600x272.jpg 600w\" sizes=\"auto, (max-width: 800px) 100vw, 800px\" \/>\n\t\t\t\t<figcaption><div><h4>B\u1ea3o tr\u1ee3 R\u00f9a<\/h4><p class=\"cz_wpe_content\">B\u1ea3o tr\u1ee3<\/p><\/div><a href=\"https:\/\/asianturtleprogram.org\/product\/adopt-a-turtle-vn\/\"> <\/a><\/figcaption>\t\t\t\n\t\t\t<\/figure>\n\t\t<\/div><div class=\"cz_gap clr \" style=\"height: 31px\"><\/div><div id=\"cz_65657\" class=\"cz_65657 cz_banner clr wpb_animate_when_almost_visible flipInY\">\n\t\t\t<figure class=\"effect-style5\">\n\t\t\t\t<img loading=\"lazy\" decoding=\"async\" width=\"488\" height=\"480\" src=\"https:\/\/asianturtleprogram.org\/wp-content\/uploads\/2020\/04\/atp-giftshop.jpg\" class=\"attachment-full\" alt=\"\" title=\"atp-giftshop\" srcset=\"https:\/\/asianturtleprogram.org\/wp-content\/uploads\/2020\/04\/atp-giftshop.jpg 488w, https:\/\/asianturtleprogram.org\/wp-content\/uploads\/2020\/04\/atp-giftshop-300x295.jpg 300w\" sizes=\"auto, (max-width: 488px) 100vw, 488px\" \/>\n\t\t\t\t<figcaption><div><h4>Qu\u00e0 l\u01b0u ni\u1ec7m<\/h4><p class=\"cz_wpe_content\">Chi ti\u1ebft<\/p><\/div><a href=\"\/support-us\/shop\/\"> <\/a><\/figcaption>\t\t\t\n\t\t\t<\/figure>\n\t\t<\/div><div class=\"cz_gap clr \" style=\"height: 31px\"><\/div>[\/vc_column][vc_column width=&#8221;1\/3&#8243;]<div id=\"cz_75927\" class=\"cz_75927 cz_banner clr wpb_animate_when_almost_visible flipInY\">\n\t\t\t<figure class=\"effect-style5\">\n\t\t\t\t<img loading=\"lazy\" decoding=\"async\" width=\"800\" height=\"557\" src=\"https:\/\/asianturtleprogram.org\/wp-content\/uploads\/2020\/04\/donor-logo.jpg\" class=\"attachment-full\" alt=\"\" title=\"donor-logo\" srcset=\"https:\/\/asianturtleprogram.org\/wp-content\/uploads\/2020\/04\/donor-logo.jpg 800w, https:\/\/asianturtleprogram.org\/wp-content\/uploads\/2020\/04\/donor-logo-300x209.jpg 300w, https:\/\/asianturtleprogram.org\/wp-content\/uploads\/2020\/04\/donor-logo-768x535.jpg 768w, https:\/\/asianturtleprogram.org\/wp-content\/uploads\/2020\/04\/donor-logo-600x418.jpg 600w\" sizes=\"auto, (max-width: 800px) 100vw, 800px\" \/>\n\t\t\t\t<figcaption><div><h4>T\u00e0i tr\u1ee3<\/h4><p class=\"cz_wpe_content\">Chi ti\u1ebft<\/p><\/div><a href=\"\/vi\/donate\/\"> <\/a><\/figcaption>\t\t\t\n\t\t\t<\/figure>\n\t\t<\/div><div class=\"cz_gap clr \" style=\"height: 31px\"><\/div><div id=\"cz_65974\" class=\"cz_65974 cz_banner clr wpb_animate_when_almost_visible flipInY\">\n\t\t\t<figure class=\"effect-style5\">\n\t\t\t\t<img loading=\"lazy\" decoding=\"async\" width=\"800\" height=\"600\" src=\"https:\/\/asianturtleprogram.org\/wp-content\/uploads\/2020\/04\/British-festival-atp-booth.jpg\" class=\"attachment-full\" alt=\"\" title=\"British festival atp booth\" srcset=\"https:\/\/asianturtleprogram.org\/wp-content\/uploads\/2020\/04\/British-festival-atp-booth.jpg 800w, https:\/\/asianturtleprogram.org\/wp-content\/uploads\/2020\/04\/British-festival-atp-booth-300x225.jpg 300w, https:\/\/asianturtleprogram.org\/wp-content\/uploads\/2020\/04\/British-festival-atp-booth-768x576.jpg 768w, https:\/\/asianturtleprogram.org\/wp-content\/uploads\/2020\/04\/British-festival-atp-booth-600x450.jpg 600w\" sizes=\"auto, (max-width: 800px) 100vw, 800px\" \/>\n\t\t\t\t<figcaption><div><h4>G\u00e2y qu\u1ef9<\/h4><p class=\"cz_wpe_content\">Chi ti\u1ebft<\/p><\/div><a href=\"\/vi\/support-us\/fund-raise-for-us\/\"> <\/a><\/figcaption>\t\t\t\n\t\t\t<\/figure>\n\t\t<\/div><div class=\"cz_gap clr \" style=\"height: 31px\"><\/div>[\/vc_column][vc_column width=&#8221;1\/3&#8243;]<div id=\"cz_68954\" class=\"cz_68954 cz_banner clr wpb_animate_when_almost_visible flipInY\">\n\t\t\t<figure class=\"effect-style5\">\n\t\t\t\t<img loading=\"lazy\" decoding=\"async\" width=\"800\" height=\"389\" src=\"https:\/\/asianturtleprogram.org\/wp-content\/uploads\/2020\/04\/volunteer.jpg\" class=\"attachment-full\" alt=\"\" title=\"volunteer\" srcset=\"https:\/\/asianturtleprogram.org\/wp-content\/uploads\/2020\/04\/volunteer.jpg 800w, https:\/\/asianturtleprogram.org\/wp-content\/uploads\/2020\/04\/volunteer-300x146.jpg 300w, https:\/\/asianturtleprogram.org\/wp-content\/uploads\/2020\/04\/volunteer-768x373.jpg 768w, https:\/\/asianturtleprogram.org\/wp-content\/uploads\/2020\/04\/volunteer-600x292.jpg 600w\" sizes=\"auto, (max-width: 800px) 100vw, 800px\" \/>\n\t\t\t\t<figcaption><div><h4>T\u00ecnh nguy\u1ec7n<\/h4><p class=\"cz_wpe_content\">Chi ti\u1ebft<\/p><\/div><a href=\"\/vi\/support-us\/volunteer-with-us\/\"> <\/a><\/figcaption>\t\t\t\n\t\t\t<\/figure>\n\t\t<\/div><div class=\"cz_gap clr \" style=\"height: 31px\"><\/div><div id=\"cz_48198\" class=\"cz_48198 cz_banner clr wpb_animate_when_almost_visible flipInY\">\n\t\t\t<figure class=\"effect-style5\">\n\t\t\t\t<img loading=\"lazy\" decoding=\"async\" width=\"742\" height=\"636\" src=\"https:\/\/asianturtleprogram.org\/wp-content\/uploads\/2020\/04\/atp-job-vacant.jpg\" class=\"attachment-full\" alt=\"\" title=\"atp-job-vacant\" srcset=\"https:\/\/asianturtleprogram.org\/wp-content\/uploads\/2020\/04\/atp-job-vacant.jpg 742w, https:\/\/asianturtleprogram.org\/wp-content\/uploads\/2020\/04\/atp-job-vacant-300x257.jpg 300w, https:\/\/asianturtleprogram.org\/wp-content\/uploads\/2020\/04\/atp-job-vacant-600x514.jpg 600w\" sizes=\"auto, (max-width: 742px) 100vw, 742px\" \/>\n\t\t\t\t<figcaption><div><h4>Tuy\u1ec3n d\u1ee5ng<\/h4><p class=\"cz_wpe_content\">Chi ti\u1ebft<\/p><\/div><a href=\"\/vi\/about-us\/job-opportunities\/\"> <\/a><\/figcaption>\t\t\t\n\t\t\t<\/figure>\n\t\t<\/div><div class=\"cz_gap clr \" style=\"height: 31px\"><\/div>[\/vc_column][\/vc_row]<\/p>\n<\/div>","protected":false},"excerpt":{"rendered":"<p>[vc_row][vc_column][\/vc_column][\/vc_row][vc_row][vc_column width=&#8221;1\/3&#8243;][\/vc_column][vc_column width=&#8221;1\/3&#8243;][\/vc_column][vc_column width=&#8221;1\/3&#8243;][\/vc_column][\/vc_row] &#8230; <\/p>\n","protected":false},"author":1,"featured_media":0,"parent":0,"menu_order":0,"comment_status":"closed","ping_status":"closed","template":"","meta":{"footnotes":""},"class_list":["post-45","page","type-page","status-publish","hentry"],"translation":{"provider":"WPGlobus","version":"3.0.2","language":"vi","enabled_languages":["en","vi"],"languages":{"en":{"title":true,"content":true,"excerpt":false},"vi":{"title":true,"content":true,"excerpt":false}}},"_links":{"self":[{"href":"https:\/\/asianturtleprogram.org\/vi\/wp-json\/wp\/v2\/pages\/45","targetHints":{"allow":["GET"]}}],"collection":[{"href":"https:\/\/asianturtleprogram.org\/vi\/wp-json\/wp\/v2\/pages"}],"about":[{"href":"https:\/\/asianturtleprogram.org\/vi\/wp-json\/wp\/v2\/types\/page"}],"author":[{"embeddable":true,"href":"https:\/\/asianturtleprogram.org\/vi\/wp-json\/wp\/v2\/users\/1"}],"replies":[{"embeddable":true,"href":"https:\/\/asianturtleprogram.org\/vi\/wp-json\/wp\/v2\/comments?post=45"}],"version-history":[{"count":14,"href":"https:\/\/asianturtleprogram.org\/vi\/wp-json\/wp\/v2\/pages\/45\/revisions"}],"predecessor-version":[{"id":6751,"href":"https:\/\/asianturtleprogram.org\/vi\/wp-json\/wp\/v2\/pages\/45\/revisions\/6751"}],"wp:attachment":[{"href":"https:\/\/asianturtleprogram.org\/vi\/wp-json\/wp\/v2\/media?parent=45"}],"curies":[{"name":"wp","href":"https:\/\/api.w.org\/{rel}","templated":true}]}}