{"id":4013,"date":"2020-04-27T05:10:32","date_gmt":"2020-04-27T04:10:32","guid":{"rendered":"http:\/\/www.conservationpulse.com\/?page_id=4013"},"modified":"2021-10-07T06:12:51","modified_gmt":"2021-10-07T05:12:51","slug":"about-atp","status":"publish","type":"page","link":"https:\/\/asianturtleprogram.org\/vi\/about-atp\/","title":{"rendered":"Gi\u1edbi thi\u1ec7u"},"content":{"rendered":"<div class=\"wpb-content-wrapper\"><p>[vc_row][vc_column]<div id=\"cz_94923\" class=\"cz_94923 cz_banner clr\">\n\t\t\t<figure class=\"effect-style5\">\n\t\t\t\t<img loading=\"lazy\" decoding=\"async\" width=\"1240\" height=\"630\" src=\"https:\/\/asianturtleprogram.org\/wp-content\/uploads\/2020\/04\/slider_image_Rafetus_swinhoei.jpg\" class=\"attachment-full\" alt=\"\" title=\"Rafetus swinhoei\" srcset=\"https:\/\/asianturtleprogram.org\/wp-content\/uploads\/2020\/04\/slider_image_Rafetus_swinhoei.jpg 1240w, https:\/\/asianturtleprogram.org\/wp-content\/uploads\/2020\/04\/slider_image_Rafetus_swinhoei-300x152.jpg 300w, https:\/\/asianturtleprogram.org\/wp-content\/uploads\/2020\/04\/slider_image_Rafetus_swinhoei-768x390.jpg 768w, https:\/\/asianturtleprogram.org\/wp-content\/uploads\/2020\/04\/slider_image_Rafetus_swinhoei-1024x520.jpg 1024w, https:\/\/asianturtleprogram.org\/wp-content\/uploads\/2020\/04\/slider_image_Rafetus_swinhoei-600x305.jpg 600w\" sizes=\"auto, (max-width: 1240px) 100vw, 1240px\" \/>\n\t\t\t\t<figcaption><div><h4>Ch\u01b0\u01a1ng tr\u00ecnh B\u1ea3o t\u1ed3n R\u00f9a ch\u00e2u \u00c1<\/h4><p class=\"cz_wpe_content\"><h3>B\u1ea3o v\u1ec7 h\u00f4m nay \u0111\u1ec3 nh\u00ecn th\u1ea5y ng\u00e0y mai&#8230;<\/h3>\n<\/p><\/div><\/figcaption>\t\t\t\n\t\t\t<\/figure>\n\t\t<\/div><div class=\"cz_gap clr \" style=\"height: 30px\"><\/div>[\/vc_column][\/vc_row][vc_row][vc_column width=&#8221;1\/2&#8243;][vc_column_text]Ch\u01b0\u01a1ng tr\u00ecnh B\u1ea3o t\u1ed3n R\u00f9a ch\u00e2u \u00c1 (ATP) \u0111\u01b0\u1ee3c th\u00e0nh l\u1eadp n\u0103m 1998 v\u00e0 s\u00e1p nh\u1eadp v\u00e0o V\u01b0\u1eddn th\u00fa Cleveland Metroparks\/Hi\u1ec7p h\u1ed9i V\u01b0\u1eddn th\u00fa Cleveland khu v\u1ef1c ch\u00e2u \u00c1 n\u0103m 2003.<\/p>\n<p>\u0110\u01b0\u1ee3c th\u00e0nh l\u1eadp c\u00f9ng th\u1eddi gian v\u1edbi Trung t\u00e2m B\u1ea3o t\u1ed3n R\u00f9a (TCC) v\u00e0 Trung t\u00e2m Gi\u00e1o d\u1ee5c Thi\u00ean nhi\u00ean (ENV), m\u1ed9t t\u1ed5 ch\u1ee9c phi ch\u00ednh ph\u1ee7 Vi\u1ec7t Nam, t\u1ea1i V\u01b0\u1eddn Qu\u1ed1c gia C\u00fac Ph\u01b0\u01a1ng, ch\u00fang t\u00f4i ti\u1ebfp t\u1ee5c h\u1ee3p t\u00e1c ch\u1eb7t ch\u1ebd v\u1edbi c\u00e1c \u0111\u1ed1i t\u00e1c tr\u00ean trong c\u00e1c ho\u1ea1t \u0111\u1ed9ng b\u1ea3o t\u1ed3n c\u00e1c lo\u00e0i r\u00f9a c\u1ea1n v\u00e0 r\u00f9a n\u01b0\u1edbc ng\u1ecdt (TFT) t\u1ea1i khu v\u1ef1c \u0110\u00f4ng Nam \u00c1. Do \u0111\u01b0\u1ee3c th\u00e0nh l\u1eadp \u1edf Vi\u1ec7t Nam, c\u00e1c ho\u1ea1t \u0111\u1ed9ng c\u1ee7a ATP trong h\u01a1n 20 n\u0103m qua v\u1eabn l\u1ea5y Vi\u1ec7t Nam, qu\u1ed1c gia c\u00f3 t\u1edbi 26 lo\u00e0i \u0111\u01b0\u1ee3c ghi nh\u1eadn v\u1edbi 1 lo\u00e0i s\u1eafp nguy c\u1ea5p (VU), 8 lo\u00e0i nguy c\u1ea5p (EN) v\u00e0 15 lo\u00e0i trong t\u00ecnh tr\u1ea1ng c\u1ef1c k\u1ef3 nguy c\u1ea5p (CR), theo s\u00e1ch \u0110\u1ecf IUCN (2021), l\u00e0m tr\u1ecdng t\u00e2m.<\/p>\n<p>ATP t\u1eadp trung ngu\u1ed3n l\u1ef1c v\u00e0o c\u00e1c lo\u00e0i \u01b0u ti\u00ean b\u1ea3o t\u1ed3n t\u1ea1i Vi\u1ec7t Nam bao g\u1ed3m c\u00e1c lo\u00e0i c\u1ef1c k\u1ef3 nguy c\u1ea5p v\u00e0\/ho\u1eb7c \u0111\u1eb7c h\u1eefu, nh\u01b0 lo\u00e0i r\u00f9a Trung b\u1ed9 (<em>Mauremys annamensis)<\/em>, nh\u00f3m r\u00f9a h\u1ed9p c\u00f3 ph\u00e2n b\u1ed1 \u1edf mi\u1ec1n Trung: r\u00f9a h\u1ed9p tr\u00e1n v\u00e0ng mi\u1ec1n Trung (<em>Cuora bourreti<\/em>) v\u00e0 r\u00f9a n\u00f9a h\u1ed9p tr\u00e1n v\u00e0ng mi\u1ec1n Nam (<em>Cuora picturata)<\/em>, v\u00e0 lo\u00e0i r\u00f9a Ho\u00e0n Ki\u1ebfm (<em>Rafetus swinhoei<\/em>) huy\u1ec1n tho\u1ea1i, c\u00f3 t\u00ean kh\u00e1c l\u00e0 lo\u00e0i Gi\u1ea3i Sin-hoe, ph\u00e2n b\u1ed1 \u1edf mi\u1ec1n B\u1eafc Vi\u1ec7t Nam, lo\u00e0i r\u00f9a \u0111\u01b0\u1ee3c c\u00e1c chuy\u00ean gia \u0111\u00e1nh gi\u00e1 l\u00e0 lo\u00e0i r\u00f9a nguy c\u1ea5p nh\u1ea5t th\u1ebf gi\u1edbi.[\/vc_column_text][\/vc_column][vc_column width=&#8221;1\/2&#8243;][vc_column_text]V\u1edbi m\u1ee5c ti\u00eau thi\u1ebft l\u1eadp m\u1ed9t t\u01b0\u01a1ng lai an to\u00e0n v\u00e0 b\u1ec1n v\u1eefng cho c\u00e1c lo\u00e0i r\u00f9a ch\u00e2u \u00c1, \u0111\u1ea3m b\u1ea3o s\u1ebd kh\u00f4ng c\u00f3 th\u00eam lo\u00e0i n\u00e0o b\u1ecb tuy\u1ec7t ch\u1ee7ng, ch\u00fang t\u00f4i th\u1ef1c hi\u1ec7n c\u00e1c chi\u1ebfn l\u01b0\u1ee3c can thi\u1ec7p, \u0111\u00f3ng g\u00f3p tr\u1ef1c ti\u1ebfp v\u00e0o vi\u1ec7c b\u1ea3o t\u1ed3n c\u00e1c lo\u00e0i r\u00f9a ch\u00e2u \u00c1, h\u1ed7 tr\u1ee3 vi\u1ec7c s\u1eed d\u1ee5ng hi\u1ec7u qu\u1ea3 c\u00e1c ngu\u1ed3n l\u1ef1c h\u1eefu h\u1ea1n n\u00e0y c\u0169ng nh\u01b0 ph\u00e1t tri\u1ec3n v\u00e0 t\u0103ng c\u01b0\u1eddng n\u0103ng l\u1ef1c qu\u1ea3n l\u00fd, v\u00e0 truy\u1ec1n th\u00f4ng nh\u1eb1m t\u1ea1o ra nh\u1eefng thay \u0111\u1ed5i t\u00edch c\u1ef1c v\u1ec1 th\u00e1i \u0111\u1ed9 v\u00e0 h\u00e0nh vi c\u1ee7a c\u1ed9ng \u0111\u1ed3ng \u0111\u1ed1i v\u1edbi c\u00e1c lo\u00e0i r\u00f9a.<\/p>\n<p>Ngo\u00e0i ra, ATP c\u0169ng nh\u01b0 ti\u1ebfn h\u00e0nh c\u00e1c ho\u1ea1t \u0111\u1ed9ng nghi\u00ean c\u1ee9u k\u1ebft h\u1ee3p b\u1ea3o t\u1ed3n \u1edf nhi\u1ec1u khu v\u1ef1c v\u00e0 sinh c\u1ea3nh s\u1ed1ng quan tr\u1ecdng. ATP tin t\u01b0\u1edfng v\u00e0o c\u00f4ng t\u00e1c \u0111\u00e0o t\u1ea1o chuy\u00ean m\u00f4n v\u00e0 kinh nghi\u1ec7m cho c\u00e1c c\u00e1n b\u1ed9 ki\u1ec3m l\u00e2m, c\u00e1n b\u1ed9 th\u1ef1c thi ph\u00e1p lu\u1eadt li\u00ean quan \u0111\u1ebfn b\u1ea3o t\u1ed3n r\u00f9a, v\u00e0 c\u00e1c sinh vi\u00ean, c\u00e1c nh\u00e0 b\u1ea3o t\u1ed3n tr\u1ebb &#8211; \u0111\u1ed9i ng\u0169 s\u1ebd d\u1eabn d\u1eaft v\u00e0 l\u00e3nh \u0111\u1ea1o c\u00f4ng t\u00e1c b\u1ea3o t\u1ed3n t\u1ea1i Vi\u1ec7t Nam trong t\u01b0\u01a1ng lai, s\u1ebd g\u00f3p ph\u1ea7n th\u1ef1c hi\u1ec7n t\u1ed1t c\u00f4ng t\u00e1c b\u1ea3o t\u1ed3n \u1edf Vi\u1ec7t Nam. Ch\u00fang t\u00f4i \u0111\u00e3 v\u00e0 \u0111ang t\u1ed5 ch\u1ee9c c\u00e1c kh\u00f3a t\u1eadp hu\u1ea5n t\u0103ng c\u01b0\u1eddng n\u0103ng l\u1ef1c th\u1ef1c thi ph\u00e1p lu\u1eadt cho c\u00e1c c\u00e1n b\u1ed9 ki\u1ec3m l\u00e2m \u1edf c\u00e1c \u0111\u1ecba b\u00e0n tr\u1ecdng \u0111i\u1ec3m v\u00e0 c\u00e1c kh\u00f3a t\u1eadp hu\u1ea5n nh\u1eb1m trang b\u1ecb cho sinh vi\u00ean c\u00e1c k\u1ef9 n\u0103ng v\u00e0 ki\u1ebfn th\u1ee9c \u0111\u1ec3 th\u1ef1c hi\u1ec7n c\u00e1c ho\u1ea1t \u0111\u1ed9ng nghi\u00ean c\u1ee9u v\u00e0 b\u1ea3o t\u1ed3n.<\/p>\n<p>ATP c\u0169ng th\u1ef1c hi\u1ec7n c\u00e1c ho\u1ea1t \u0111\u1ed9ng n\u00e2ng cao nh\u1eadn th\u1ee9c cho c\u1ed9ng \u0111\u1ed3ng \u0111\u1ecba ph\u01b0\u01a1ng v\u00e0 h\u1ecdc sinh, c\u0169ng nh\u01b0 truy\u1ec1n th\u00f4ng \u0111\u1ea1i ch\u00fang v\u1ec1 t\u1ea7m quan tr\u1ecdng c\u1ee7a lo\u00e0i r\u00f9a Vi\u1ec7t Nam, c\u00e1c m\u1ed1i \u0111e d\u1ecda v\u00e0 c\u00e1ch ch\u00fang ta c\u00f3 th\u1ec3 b\u1ea3o t\u1ed3n ch\u00fang.[\/vc_column_text][\/vc_column][\/vc_row][vc_row][vc_column]<div class=\"cz_gap clr \" style=\"height: 30px\"><\/div>[\/vc_column][\/vc_row][vc_row][vc_column width=&#8221;1\/2&#8243;][vc_images_carousel images=&#8221;4251,5403,5382,4240&#8243; img_size=&#8221;full&#8221;][\/vc_column][vc_column width=&#8221;1\/2&#8243;][vc_column_text]V\u00e0o th\u00e1ng 3 n\u0103m 2015, ATP \u0111\u00e3 s\u00e1p nh\u1eadp v\u00e0o t\u1ed5 ch\u1ee9c Indo-Myanmar Conservation (IMC), m\u1ed9t t\u1ed5 ch\u1ee9c phi l\u1ee3i nhu\u1eadn \u0111\u01b0\u1ee3c qu\u1ea3n l\u00fd b\u1edfi C\u1ee5c qu\u1ea3n l\u00fd doanh nghi\u1ec7p V\u01b0\u01a1ng qu\u1ed1c Anh (Companies House), gi\u1ea5y ch\u1ee9ng nh\u1eadn t\u1ed5 ch\u1ee9c phi l\u1ee3i nhu\u1eadn s\u1ed1 1126123 \u0111\u01b0\u1ee3c c\u1ea5p b\u1edfi \u1ee6y ban c\u00e1c t\u1ed5 ch\u1ee9c t\u1eeb thi\u1ec7n (Charity Commission) v\u00e0o n\u0103m 2018 t\u1ea1i London, V\u01b0\u01a1ng qu\u1ed1c Anh v\u00e0 \u0111\u01b0\u1ee3c c\u1ea5p ph\u00e9p ho\u1ea1t \u0111\u1ed9ng t\u1ea1i Vi\u1ec7t Nam theo gi\u1ea5y ph\u00e9p s\u1ed1 299\/CNV-HD do B\u1ed9 Ngo\u1ea1i giao Vi\u1ec7t Nam c\u1ea5p n\u0103m 2015.<\/p>\n<p>IMC l\u00e0 m\u1ed9t t\u1ed5 ch\u1ee9c b\u1ea3o t\u1ed3n \u0111\u01b0\u1ee3c th\u00e0nh l\u1eadp nh\u1eb1m \u0111\u00e1p \u1ee9ng nhu c\u1ea7u nghi\u00ean c\u1ee9u v\u00e0 b\u1ea3o t\u1ed3n t\u1ea1i khu v\u1ef1c \u0110\u00f4ng D\u01b0\u01a1ng (Indo) &#8211; Mi\u1ebfn \u0110i\u1ec7n, bao g\u1ed3m Vi\u1ec7t Nam, Campuchia, L\u00e0o, Th\u00e1i Lan v\u00e0 Myanmar. IMC t\u1eadp trung v\u00e0o ph\u01b0\u01a1ng th\u1ee9c ti\u1ebfp c\u1eadn b\u1ea3o t\u1ed3n lo\u00e0i v\u1edbi h\u01b0\u1edbng ti\u1ebfp c\u1eadn c\u1ed9ng \u0111\u1ed3ng \u0111\u1ec3 th\u1ef1c hi\u1ec7n c\u00f4ng t\u00e1c b\u1ea3o t\u1ed3n hi\u1ec7u qu\u1ea3. Vi\u1ec7c x\u00e1c nh\u1eadp ATP v\u00e0o IMC s\u1ebd h\u1ed7 tr\u1ee3, c\u1ee7ng c\u1ed1 v\u00e0 t\u0103ng c\u01b0\u1eddng c\u00e1c kinh nghi\u1ec7m b\u1ea3o t\u1ed3n r\u00f9a c\u1ea1n v\u00e0 r\u00f9a n\u01b0\u1edbc ng\u1ecdt trong su\u1ed1t hai th\u1eadp k\u1ef7, bao g\u1ed3m qu\u1ea3n l\u00fd nu\u00f4i nh\u1ed1t, nghi\u00ean c\u1ee9u th\u1ef1c \u0111\u1ecba, n\u00e2ng cao nh\u1eadn th\u1ee9c v\u00e0 ti\u1ebfp c\u1eadn c\u1ed9ng \u0111\u1ed3ng. B\u00ean c\u1ea1nh c\u00e1c c\u00f4ng t\u00e1c b\u1ea3o t\u1ed3n r\u00f9a c\u1ea1n v\u00e0 r\u00f9a n\u01b0\u1edbc ng\u1ecdt, c\u00e1c k\u1ef9 n\u0103ng c\u00f3 s\u1eb5n c\u1ee7a IMC c\u0169ng cho ph\u00e9p m\u1edf r\u1ed9ng ph\u1ea1m vi nghi\u00ean c\u1ee9u \u0111\u1ed1i v\u1edbi c\u00e1c nh\u00f3m lo\u00e0i kh\u00e1c c\u0169ng nh\u01b0 c\u1ea3i thi\u1ec7n v\u00e0 thay \u0111\u1ed5i sinh k\u1ebf trong t\u01b0\u01a1ng lai g\u1ea7n.[\/vc_column_text][\/vc_column][\/vc_row]<\/p>\n<\/div>","protected":false},"excerpt":{"rendered":"<p>[vc_row][vc_column][\/vc_column][\/vc_row][vc_row][vc_column width=&#8221;1\/2&#8243;][vc_column_text]Ch\u01b0\u01a1ng tr\u00ecnh B\u1ea3o t\u1ed3n R\u00f9a ch\u00e2u \u00c1 (ATP) \u0111\u01b0\u1ee3c th\u00e0nh &#8230; <\/p>\n","protected":false},"author":1,"featured_media":0,"parent":0,"menu_order":0,"comment_status":"closed","ping_status":"closed","template":"","meta":{"footnotes":""},"class_list":["post-4013","page","type-page","status-publish","hentry"],"translation":{"provider":"WPGlobus","version":"3.0.2","language":"vi","enabled_languages":["en","vi"],"languages":{"en":{"title":true,"content":true,"excerpt":false},"vi":{"title":true,"content":true,"excerpt":false}}},"_links":{"self":[{"href":"https:\/\/asianturtleprogram.org\/vi\/wp-json\/wp\/v2\/pages\/4013","targetHints":{"allow":["GET"]}}],"collection":[{"href":"https:\/\/asianturtleprogram.org\/vi\/wp-json\/wp\/v2\/pages"}],"about":[{"href":"https:\/\/asianturtleprogram.org\/vi\/wp-json\/wp\/v2\/types\/page"}],"author":[{"embeddable":true,"href":"https:\/\/asianturtleprogram.org\/vi\/wp-json\/wp\/v2\/users\/1"}],"replies":[{"embeddable":true,"href":"https:\/\/asianturtleprogram.org\/vi\/wp-json\/wp\/v2\/comments?post=4013"}],"version-history":[{"count":24,"href":"https:\/\/asianturtleprogram.org\/vi\/wp-json\/wp\/v2\/pages\/4013\/revisions"}],"predecessor-version":[{"id":6139,"href":"https:\/\/asianturtleprogram.org\/vi\/wp-json\/wp\/v2\/pages\/4013\/revisions\/6139"}],"wp:attachment":[{"href":"https:\/\/asianturtleprogram.org\/vi\/wp-json\/wp\/v2\/media?parent=4013"}],"curies":[{"name":"wp","href":"https:\/\/api.w.org\/{rel}","templated":true}]}}