{"id":2916,"date":"2020-03-03T09:09:19","date_gmt":"2020-03-03T09:09:19","guid":{"rendered":"http:\/\/www.conservationpulse.com\/?page_id=2916"},"modified":"2020-09-11T18:26:03","modified_gmt":"2020-09-11T17:26:03","slug":"student-training","status":"publish","type":"page","link":"https:\/\/asianturtleprogram.org\/vi\/student-training\/","title":{"rendered":"Kh\u00f3a \u0111\u00e0o t\u1ea1o c\u00e1c k\u1ef9 n\u0103ng nghi\u00ean c\u1ee9u th\u1ef1c \u0111\u1ecba v\u1ec1 r\u00f9a c\u1ea1n v\u00e0 r\u00f9a n\u01b0\u1edbc ng\u1ecdt"},"content":{"rendered":"<div class=\"wpb-content-wrapper\"><p>[vc_row][vc_column]<div id=\"cz_85535\" class=\"cz_85535 cz_banner clr cz_mobile_text_center wpb_animate_when_almost_visible bounceInLeft\">\n\t\t\t<figure class=\"effect-style16\">\n\t\t\t\t<img loading=\"lazy\" decoding=\"async\" width=\"1240\" height=\"630\" src=\"https:\/\/asianturtleprogram.org\/wp-content\/uploads\/2020\/05\/student-training-page-web-banner.jpg\" class=\"attachment-full\" alt=\"\" title=\"student-training-page-web-banner\" srcset=\"https:\/\/asianturtleprogram.org\/wp-content\/uploads\/2020\/05\/student-training-page-web-banner.jpg 1240w, https:\/\/asianturtleprogram.org\/wp-content\/uploads\/2020\/05\/student-training-page-web-banner-300x152.jpg 300w, https:\/\/asianturtleprogram.org\/wp-content\/uploads\/2020\/05\/student-training-page-web-banner-1024x520.jpg 1024w, https:\/\/asianturtleprogram.org\/wp-content\/uploads\/2020\/05\/student-training-page-web-banner-768x390.jpg 768w, https:\/\/asianturtleprogram.org\/wp-content\/uploads\/2020\/05\/student-training-page-web-banner-600x305.jpg 600w\" sizes=\"auto, (max-width: 1240px) 100vw, 1240px\" \/>\n\t\t\t\t<figcaption><div><h4>KH\u00d3A \u0110\u00c0O T\u1ea0O C\u00c1C K\u1ef8 N\u0102NG NGHI\u00caN C\u1ee8U TH\u1ef0C \u0110\u1ecaA V\u1ec0 R\u00d9A C\u1ea0N V\u00c0 R\u00d9A N\u01af\u1edaC NG\u1eccT<\/h4><\/div><a> <\/a><\/figcaption>\t\t\t\n\t\t\t<\/figure>\n\t\t<\/div>[\/vc_column][\/vc_row][vc_row css=&#8221;.vc_custom_1590723184430{margin-top: 50px !important;}&#8221;][vc_column width=&#8221;1\/2&#8243;][vc_column_text]T\u1eeb n\u0103m 2005, Ch\u01b0\u01a1ng tr\u00ecnh B\u1ea3o t\u1ed3n R\u00f9a ch\u00e2u \u00c1 v\u00e0 Trung t\u00e2m B\u1ea3o t\u1ed3n R\u00f9a (TCC) thu\u1ed9c V\u01b0\u1eddn Qu\u1ed1c gia C\u00fac Ph\u01b0\u01a1ng \u0111\u00e3 ph\u1ed1i h\u1ee3p t\u1ed5 ch\u1ee9c <em><strong>Kh\u00f3a \u0111\u00e0o t\u1ea1o c\u00e1c k\u1ef9 n\u0103ng nghi\u00ean c\u1ee9u th\u1ef1c \u0111\u1ecba v\u1ec1 r\u00f9a c\u1ea1n v\u00e0 r\u00f9a n\u01b0\u1edbc ng\u1ecdt<\/strong> <\/em>cho sinh vi\u00ean, c\u00e1c nh\u00e0 b\u1ea3o t\u1ed3n tr\u1ebb v\u00e0 c\u00e1n b\u1ed9 l\u00e0m vi\u1ec7c trong l\u0129nh v\u1ef1c b\u1ea3o t\u1ed3n \u0111\u1ed9ng v\u1eadt hoang d\u00e3 t\u1ea1i Vi\u1ec7t Nam[\/vc_column_text][\/vc_column][vc_column width=&#8221;1\/2&#8243;][vc_video link=&#8221;https:\/\/youtu.be\/50lXKNzHb9I&#8221;][\/vc_column][\/vc_row][vc_row css=&#8221;.vc_custom_1590723184430{margin-top: 50px !important;}&#8221;][vc_column width=&#8221;1\/2&#8243;][vc_column_text]Kh\u00f3a h\u1ecdc k\u00e9o d\u00e0i trong m\u1ed9t tu\u1ea7n bao g\u1ed3m ph\u1ea7n l\u00fd thuy\u1ebft v\u00e0 th\u1ef1c h\u00e0nh ngo\u00e0i th\u1ef1c \u0111\u1ecba \u0111\u00e3 cung c\u1ea5p cho h\u1ecdc vi\u00ean c\u00e1c k\u1ef9 n\u0103ng th\u1ef1c \u0111\u1ecba v\u00e0 ki\u1ebfn th\u1ee9c li\u00ean quan \u0111\u1ebfn nghi\u00ean c\u1ee9u v\u00e0 b\u1ea3o t\u1ed3n r\u00f9a. Sinh vi\u00ean c\u00f3 th\u00eam ki\u1ebfn th\u1ee9c v\u1ec1 c\u00e1c m\u1ed1i \u0111e d\u1ecda \u0111\u1ed1i v\u1edbi s\u1ef1 t\u1ed3n t\u1ea1i c\u1ee7a c\u00e1c lo\u00e0i r\u00f9a, \u0111\u1eb7c \u0111i\u1ec3m sinh th\u00e1i c\u0169ng nh\u01b0 ph\u01b0\u01a1ng ph\u00e1p \u0111\u1ecbnh lo\u1ea1i c\u00e1c lo\u00e0i r\u00f9a b\u1ea3n \u0111\u1ecba c\u1ee7a Vi\u1ec7t Nam. C\u00e1c h\u1ecdc vi\u00ean c\u0169ng \u0111\u01b0\u1ee3c gi\u1edbi thi\u1ec7u c\u00e1c k\u1ef9 n\u0103ng th\u1ef1c \u0111\u1ecba nh\u01b0 \u0111o \u0111\u1ea1c, l\u1eadp b\u1ea3n \u0111\u1ed3, s\u1eed d\u1ee5ng GPS v\u00e0 k\u1ef9 n\u0103ng ph\u1ecfng v\u1ea5n.[\/vc_column_text][\/vc_column][vc_column width=&#8221;1\/2&#8243;][vc_column_text]Kh\u00f3a h\u1ecdc do c\u00e1c c\u00e1n b\u1ed9 ATP, TCC v\u00e0 nhi\u1ec1u chuy\u00ean gia tr\u1ef1c ti\u1ebfp h\u01b0\u1edbng d\u1eabn. \u0110\u1ebfn n\u0103m 2012, ch\u01b0\u01a1ng tr\u00ecnh \u0111\u01b0\u1ee3c b\u1ed5 sung th\u00eam c\u00e1c ki\u1ebfn th\u1ee9c v\u1ec1 GIS v\u00e0 GPS do Vi\u1ec7n Sinh Th\u00e1i v\u00e0 T\u00e0i nguy\u00ean sinh v\u1eadt H\u00e0 N\u1ed9i (IEBR) h\u1ed7 tr\u1ee3 gi\u1ea3ng d\u1ea1y. Kh\u00f3a h\u1ecdc ng\u00e0y c\u00e0ng thu h\u00fat s\u1ef1 tham gia c\u1ee7a c\u00e1c b\u1ea1n tr\u1ebb, v\u1edbi h\u00e0ng tr\u0103m \u0111\u01a1n \u0111\u0103ng k\u00fd m\u1ed7i n\u0103m t\u1eeb nhi\u1ec1u tr\u01b0\u1eddng \u0111\u1ea1i h\u1ecdc v\u00e0 cao \u0111\u1eb3ng tr\u00ean \u0111\u1ecba b\u00e0n c\u1ea3 n\u01b0\u1edbc.\u00a0Sau kh\u00f3a h\u1ecdc, c\u00e1c h\u1ecdc vi\u00ean ti\u1ebfp t\u1ee5c tham gia v\u00e0o c\u00e1c nghi\u00ean c\u1ee9u khoa h\u1ecdc v\u1ec1 ph\u00e2n lo\u1ea1i c\u0169ng nh\u01b0 \u0111\u00f3ng g\u00f3p hi\u1ec7u qu\u1ea3 v\u00e0o c\u00f4ng t\u00e1c b\u1ea3o t\u1ed3n b\u1eb1ng vi\u1ec7c thuy\u1ebft ph\u1ee5c v\u00e0 chuy\u00ean giao nhi\u1ec1u c\u00e1 th\u1ec3 r\u00f9a b\u1ecb bu\u00f4n b\u00e1n, nu\u00f4i nh\u1ed1t l\u00e0m v\u1eadt c\u1ea3nh \u0111\u1ebfn TCC.[\/vc_column_text][\/vc_column][\/vc_row][vc_row][vc_column]<div id=\"cz_106797\" class=\"cz_grid_p cz_106797\"><div class=\"cz_grid cz_grid_1 clr cz_metro_3 cz_grid_c4 cz_grid_1_no_hover cz_grid_1_mid tac cz_tooltip cz_grid_1_no_title hide_on_tablet hide_on_mobile show_on_desktop\" data-gap=\"3\"><div class=\"cz_grid_item cz_grid_first\"><\/div><div class=\"cz_grid_item \"><div data-title=\"A student takes measurements from a \u201cturtle\u201d egg before it is incubated\"><a class=\"cz_grid_link \" href=\"https:\/\/asianturtleprogram.org\/wp-content\/uploads\/2019\/08\/Laos_student_training-6.jpg\" data-xtra-lightbox><img loading=\"lazy\" decoding=\"async\" width=\"800\" height=\"534\" src=\"https:\/\/asianturtleprogram.org\/wp-content\/uploads\/2019\/08\/Laos_student_training-6.jpg\" class=\"attachment-full\" alt=\"\" title=\"A student takes measurements from a \u201cturtle\u201d egg before it is incubated\" srcset=\"https:\/\/asianturtleprogram.org\/wp-content\/uploads\/2019\/08\/Laos_student_training-6.jpg 800w, https:\/\/asianturtleprogram.org\/wp-content\/uploads\/2019\/08\/Laos_student_training-6-300x200.jpg 300w, https:\/\/asianturtleprogram.org\/wp-content\/uploads\/2019\/08\/Laos_student_training-6-768x513.jpg 768w, https:\/\/asianturtleprogram.org\/wp-content\/uploads\/2019\/08\/Laos_student_training-6-600x401.jpg 600w\" sizes=\"auto, (max-width: 800px) 100vw, 800px\" \/><div class=\"cz_grid_details\"><i class=\"fa fa-search cz_grid_icon\"><\/i><\/div><\/a><\/div><\/div><div class=\"cz_grid_item \"><div data-title=\"Using GPS is a vital skill for carrying out fieldwork in the forests of Laos.\"><a class=\"cz_grid_link \" href=\"https:\/\/asianturtleprogram.org\/wp-content\/uploads\/2019\/08\/Laos_student_training-11.jpg\" data-xtra-lightbox><img loading=\"lazy\" decoding=\"async\" width=\"800\" height=\"534\" src=\"https:\/\/asianturtleprogram.org\/wp-content\/uploads\/2019\/08\/Laos_student_training-11.jpg\" class=\"attachment-full\" alt=\"\" title=\"Using GPS is a vital skill for carrying out fieldwork in the forests of Laos.\" srcset=\"https:\/\/asianturtleprogram.org\/wp-content\/uploads\/2019\/08\/Laos_student_training-11.jpg 800w, https:\/\/asianturtleprogram.org\/wp-content\/uploads\/2019\/08\/Laos_student_training-11-300x200.jpg 300w, https:\/\/asianturtleprogram.org\/wp-content\/uploads\/2019\/08\/Laos_student_training-11-768x513.jpg 768w, https:\/\/asianturtleprogram.org\/wp-content\/uploads\/2019\/08\/Laos_student_training-11-600x401.jpg 600w\" sizes=\"auto, (max-width: 800px) 100vw, 800px\" \/><div class=\"cz_grid_details\"><i class=\"fa fa-search cz_grid_icon\"><\/i><\/div><\/a><\/div><\/div><div class=\"cz_grid_item \"><div data-title=\"The students and instructors pose for a photo in Phou Khao Khouay National Bio-Diversity Conservation Area, Vientiane, Laos.\"><a class=\"cz_grid_link \" href=\"https:\/\/asianturtleprogram.org\/wp-content\/uploads\/2019\/08\/Laos_student_training-12.jpg\" data-xtra-lightbox><img loading=\"lazy\" decoding=\"async\" width=\"800\" height=\"532\" src=\"https:\/\/asianturtleprogram.org\/wp-content\/uploads\/2019\/08\/Laos_student_training-12.jpg\" class=\"attachment-full\" alt=\"\" title=\"The students and instructors pose for a photo in Phou Khao Khouay National Bio-Diversity Conservation Area, Vientiane, Laos.\" srcset=\"https:\/\/asianturtleprogram.org\/wp-content\/uploads\/2019\/08\/Laos_student_training-12.jpg 800w, https:\/\/asianturtleprogram.org\/wp-content\/uploads\/2019\/08\/Laos_student_training-12-300x200.jpg 300w, https:\/\/asianturtleprogram.org\/wp-content\/uploads\/2019\/08\/Laos_student_training-12-768x511.jpg 768w, https:\/\/asianturtleprogram.org\/wp-content\/uploads\/2019\/08\/Laos_student_training-12-600x399.jpg 600w\" sizes=\"auto, (max-width: 800px) 100vw, 800px\" \/><div class=\"cz_grid_details\"><i class=\"fa fa-search cz_grid_icon\"><\/i><\/div><\/a><\/div><\/div><div class=\"cz_grid_item \"><div data-title=\"Students are actively engaged in a turtle identification review\"><a class=\"cz_grid_link \" href=\"https:\/\/asianturtleprogram.org\/wp-content\/uploads\/2018\/04\/student_training_2018-4.jpg\" data-xtra-lightbox><img loading=\"lazy\" decoding=\"async\" width=\"800\" height=\"531\" src=\"https:\/\/asianturtleprogram.org\/wp-content\/uploads\/2018\/04\/student_training_2018-4.jpg\" class=\"attachment-full\" alt=\"\" title=\"Students are actively engaged in a turtle identification review\" srcset=\"https:\/\/asianturtleprogram.org\/wp-content\/uploads\/2018\/04\/student_training_2018-4.jpg 800w, https:\/\/asianturtleprogram.org\/wp-content\/uploads\/2018\/04\/student_training_2018-4-300x199.jpg 300w, https:\/\/asianturtleprogram.org\/wp-content\/uploads\/2018\/04\/student_training_2018-4-768x510.jpg 768w, https:\/\/asianturtleprogram.org\/wp-content\/uploads\/2018\/04\/student_training_2018-4-600x398.jpg 600w\" sizes=\"auto, (max-width: 800px) 100vw, 800px\" \/><div class=\"cz_grid_details\"><i class=\"fa fa-search cz_grid_icon\"><\/i><\/div><\/a><\/div><\/div><div class=\"cz_grid_item \"><div data-title=\"A student with the juvenile Keeled Box Turtles (Cuora mouhotii) that she found during time-search method practicum at Cuc Phuong National Park\"><a class=\"cz_grid_link \" href=\"https:\/\/asianturtleprogram.org\/wp-content\/uploads\/2018\/04\/student_training_2018-1.jpg\" data-xtra-lightbox><img loading=\"lazy\" decoding=\"async\" width=\"800\" height=\"529\" src=\"https:\/\/asianturtleprogram.org\/wp-content\/uploads\/2018\/04\/student_training_2018-1.jpg\" class=\"attachment-full\" alt=\"\" title=\"A student with the juvenile Keeled Box Turtles (Cuora mouhotii) that she found during time-search method practicum at Cuc Phuong National Park\" srcset=\"https:\/\/asianturtleprogram.org\/wp-content\/uploads\/2018\/04\/student_training_2018-1.jpg 800w, https:\/\/asianturtleprogram.org\/wp-content\/uploads\/2018\/04\/student_training_2018-1-300x198.jpg 300w, https:\/\/asianturtleprogram.org\/wp-content\/uploads\/2018\/04\/student_training_2018-1-768x508.jpg 768w, https:\/\/asianturtleprogram.org\/wp-content\/uploads\/2018\/04\/student_training_2018-1-600x397.jpg 600w\" sizes=\"auto, (max-width: 800px) 100vw, 800px\" \/><div class=\"cz_grid_details\"><i class=\"fa fa-search cz_grid_icon\"><\/i><\/div><\/a><\/div><\/div><\/div><\/div><div class=\"cz_gap clr \" style=\"height: 50px\"><\/div>[\/vc_column][\/vc_row][vc_row][vc_column width=&#8221;1\/2&#8243;][vc_column_text]ATP\/IMC lu\u00f4n mong mu\u1ed1n m\u1edf r\u1ed9ng v\u00e0 t\u1ed5 ch\u1ee9c kh\u00f3a \u0111\u00e0o t\u1ea1o t\u1ea1i c\u00e1c qu\u1ed1c gia \u0110\u00f4ng Nam \u00c1 kh\u00e1c nh\u1eb1m g\u00f3p ph\u1ea7n b\u1ed3i d\u01b0\u1ee1ng m\u1ed9t c\u1ed9ng \u0111\u1ed3ng c\u00e1c nh\u00e0 b\u1ea3o t\u1ed3n tr\u1ebb, c\u0169ng nh\u01b0 ph\u00e1t tri\u1ec3n ho\u1ea1t \u0111\u1ed9ng b\u1ea3o t\u1ed3n c\u00e1c lo\u00e0i b\u1ea3n \u0111\u1ecba trong khu v\u1ef1c v\u00e0 th\u00fac \u0111\u1ea9y h\u1ee3p t\u00e1c xuy\u00ean bi\u00ean gi\u1edbi v\u1ec1 b\u1ea3o t\u1ed3n.\u00a0V\u00e0o n\u0103m 2019, v\u1edbi s\u1ef1 h\u1ed7 tr\u1ee3 c\u1ee7a Trung t\u00e2m B\u1ea3o t\u1ed3n \u0111\u1ed9ng v\u1eadt hoang d\u00e3 L\u00e0o (Lao Conservation Trust for Wildlife), ch\u00fang t\u00f4i \u0111\u00e3 t\u1ed5 ch\u1ee9c kh\u00f3a t\u1eadp hu\u1ea5n \u0111\u1ea7u ti\u00ean t\u1ea1i L\u00e0o.[\/vc_column_text][\/vc_column][vc_column width=&#8221;1\/2&#8243;][vc_column_text]N\u1ebfu b\u1ea1n mong mu\u1ed1n tham gia kh\u00f3a t\u1eadp hu\u1ea5n s\u1eafp t\u1edbi, vui l\u00f2ng li\u00ean h\u1ec7 Ch\u01b0\u01a1ng tr\u00ecnh B\u1ea3o t\u1ed3n R\u00f9a ch\u00e2u \u00c1 (ATP) \u0111\u1ec3 bi\u1ebft th\u00eam th\u00f4ng tin v\u00e0 h\u01b0\u1edbng d\u1eabn \u0111\u0103ng k\u00fd.[\/vc_column_text][\/vc_column][\/vc_row][vc_row][vc_column width=&#8221;1\/3&#8243;][\/vc_column][vc_column width=&#8221;1\/3&#8243;]<div id=\"cz_108592\" class=\"cz_108592 cz_gradient_title cz_mobile_text_center cz_gradient_title_center\"><div class=\"cz_wpe_content\"><h2 style=\"text-align: center;\"><a href=\"\/vi\/category\/atp-news\/student_training\/\">B\u1ea3n tin<\/a><\/h2>\n<\/div><\/div>[\/vc_column][vc_column width=&#8221;1\/3&#8243;][\/vc_column][\/vc_row][vc_row][vc_column][vc_basic_grid post_type=&#8221;post&#8221; max_items=&#8221;4&#8243; element_width=&#8221;3&#8243; item=&#8221;2947&#8243; grid_id=&#8221;vc_gid:1599844990695-4a15e87c-6d30-5&#8243; taxonomies=&#8221;61&#8243;][\/vc_column][\/vc_row]<\/p>\n<\/div>","protected":false},"excerpt":{"rendered":"<p>[vc_row][vc_column][\/vc_column][\/vc_row][vc_row css=&#8221;.vc_custom_1590723184430{margin-top: 50px !important;}&#8221;][vc_column width=&#8221;1\/2&#8243;][vc_column_text]T\u1eeb n\u0103m 2005, Ch\u01b0\u01a1ng tr\u00ecnh B\u1ea3o t\u1ed3n &#8230; <\/p>\n","protected":false},"author":1,"featured_media":0,"parent":0,"menu_order":0,"comment_status":"closed","ping_status":"closed","template":"","meta":{"footnotes":""},"class_list":["post-2916","page","type-page","status-publish","hentry"],"translation":{"provider":"WPGlobus","version":"3.0.2","language":"vi","enabled_languages":["en","vi"],"languages":{"en":{"title":true,"content":true,"excerpt":false},"vi":{"title":true,"content":true,"excerpt":false}}},"_links":{"self":[{"href":"https:\/\/asianturtleprogram.org\/vi\/wp-json\/wp\/v2\/pages\/2916","targetHints":{"allow":["GET"]}}],"collection":[{"href":"https:\/\/asianturtleprogram.org\/vi\/wp-json\/wp\/v2\/pages"}],"about":[{"href":"https:\/\/asianturtleprogram.org\/vi\/wp-json\/wp\/v2\/types\/page"}],"author":[{"embeddable":true,"href":"https:\/\/asianturtleprogram.org\/vi\/wp-json\/wp\/v2\/users\/1"}],"replies":[{"embeddable":true,"href":"https:\/\/asianturtleprogram.org\/vi\/wp-json\/wp\/v2\/comments?post=2916"}],"version-history":[{"count":30,"href":"https:\/\/asianturtleprogram.org\/vi\/wp-json\/wp\/v2\/pages\/2916\/revisions"}],"predecessor-version":[{"id":5112,"href":"https:\/\/asianturtleprogram.org\/vi\/wp-json\/wp\/v2\/pages\/2916\/revisions\/5112"}],"wp:attachment":[{"href":"https:\/\/asianturtleprogram.org\/vi\/wp-json\/wp\/v2\/media?parent=2916"}],"curies":[{"name":"wp","href":"https:\/\/api.w.org\/{rel}","templated":true}]}}